{"id":3056,"date":"2025-11-18T13:46:34","date_gmt":"2025-11-18T13:46:34","guid":{"rendered":"https:\/\/ambiance.maisoninterbois.com\/?post_type=product&#038;p=3056"},"modified":"2025-11-18T13:49:52","modified_gmt":"2025-11-18T13:49:52","slug":"chaise-nettuno","status":"publish","type":"product","link":"https:\/\/ambiance.maisoninterbois.com\/en\/product\/chaise-nettuno\/","title":{"rendered":"NETTUNO Chair"},"content":{"rendered":"","protected":false},"excerpt":{"rendered":"<p>Our NETTUNO chair, with technopolymer armrests, combines lightness, strength, and contemporary design, ideal for furnishing indoor and outdoor spaces of restaurants and caf\u00e9s. Easy to maintain.<\/p>\n<p>&nbsp;<\/p>\n<p>&nbsp;<\/p>\n<p>&nbsp;<\/p>","protected":false},"featured_media":3058,"template":"","meta":[],"product_brand":[],"product_cat":[61,58],"product_tag":[],"class_list":{"0":"post-3056","1":"product","2":"type-product","3":"status-publish","4":"has-post-thumbnail","6":"product_cat-chaise-dexterieur","7":"product_cat-collections-outdoor","9":"first","10":"instock","11":"shipping-taxable","12":"purchasable","13":"product-type-simple","14":"layout-style-2","15":"col-md-4 col-sm-4 col-xs-6","16":"col-lg-3","17":"product-style-addtocart"},"yoast_head":"<!-- This site is optimized with the Yoast SEO Premium plugin v26.3 (Yoast SEO v27.3) - https:\/\/yoast.com\/product\/yoast-seo-premium-wordpress\/ -->\n<title>Chaise NETTUNO | INTERBOIS AMBIANCE<\/title>\n<meta name=\"robots\" content=\"index, follow, max-snippet:-1, max-image-preview:large, max-video-preview:-1\" \/>\n<link rel=\"canonical\" href=\"https:\/\/ambiance.maisoninterbois.com\/en\/product\/chaise-nettuno\/\" \/>\n<meta property=\"og:locale\" content=\"en_US\" \/>\n<meta property=\"og:type\" content=\"article\" \/>\n<meta property=\"og:title\" content=\"Chaise NETTUNO\" \/>\n<meta property=\"og:description\" content=\"Notre chaise NETTUNO avec accoudoirs en techno polym\u00e8re allie l\u00e9g\u00e8ret\u00e9, solidit\u00e9 et design contemporain, id\u00e9ale pour \u00e9quiper les espaces int\u00e9rieurs et ext\u00e9rieurs des restaurants et caf\u00e9s. Facile \u00e0 entretenir.  &nbsp;  &nbsp;  &nbsp;\" \/>\n<meta property=\"og:url\" content=\"https:\/\/ambiance.maisoninterbois.com\/en\/product\/chaise-nettuno\/\" \/>\n<meta property=\"og:site_name\" content=\"INTERBOIS AMBIANCE\" \/>\n<meta property=\"article:publisher\" content=\"https:\/\/www.facebook.com\/InterboisAmbiance\" \/>\n<meta property=\"article:modified_time\" content=\"2025-11-18T13:49:52+00:00\" \/>\n<meta property=\"og:image\" content=\"https:\/\/ambiance.maisoninterbois.com\/wp-content\/uploads\/2025\/11\/1.png\" \/>\n\t<meta property=\"og:image:width\" content=\"1080\" \/>\n\t<meta property=\"og:image:height\" content=\"1080\" \/>\n\t<meta property=\"og:image:type\" content=\"image\/png\" \/>\n<meta name=\"twitter:card\" content=\"summary_large_image\" \/>\n<meta name=\"twitter:label1\" content=\"Est. reading time\" \/>\n\t<meta name=\"twitter:data1\" content=\"1 minute\" \/>\n<script type=\"application\/ld+json\" class=\"yoast-schema-graph\">{\"@context\":\"https:\\\/\\\/schema.org\",\"@graph\":[{\"@type\":\"WebPage\",\"@id\":\"https:\\\/\\\/ambiance.maisoninterbois.com\\\/product\\\/chaise-nettuno\\\/\",\"url\":\"https:\\\/\\\/ambiance.maisoninterbois.com\\\/product\\\/chaise-nettuno\\\/\",\"name\":\"Chaise NETTUNO | INTERBOIS AMBIANCE\",\"isPartOf\":{\"@id\":\"https:\\\/\\\/ambiance.maisoninterbois.com\\\/#website\"},\"primaryImageOfPage\":{\"@id\":\"https:\\\/\\\/ambiance.maisoninterbois.com\\\/product\\\/chaise-nettuno\\\/#primaryimage\"},\"image\":{\"@id\":\"https:\\\/\\\/ambiance.maisoninterbois.com\\\/product\\\/chaise-nettuno\\\/#primaryimage\"},\"thumbnailUrl\":\"https:\\\/\\\/ambiance.maisoninterbois.com\\\/wp-content\\\/uploads\\\/2025\\\/11\\\/1.png\",\"datePublished\":\"2025-11-18T13:46:34+00:00\",\"dateModified\":\"2025-11-18T13:49:52+00:00\",\"breadcrumb\":{\"@id\":\"https:\\\/\\\/ambiance.maisoninterbois.com\\\/product\\\/chaise-nettuno\\\/#breadcrumb\"},\"inLanguage\":\"en-US\",\"potentialAction\":[{\"@type\":\"ReadAction\",\"target\":[\"https:\\\/\\\/ambiance.maisoninterbois.com\\\/product\\\/chaise-nettuno\\\/\"]}]},{\"@type\":\"ImageObject\",\"inLanguage\":\"en-US\",\"@id\":\"https:\\\/\\\/ambiance.maisoninterbois.com\\\/product\\\/chaise-nettuno\\\/#primaryimage\",\"url\":\"https:\\\/\\\/ambiance.maisoninterbois.com\\\/wp-content\\\/uploads\\\/2025\\\/11\\\/1.png\",\"contentUrl\":\"https:\\\/\\\/ambiance.maisoninterbois.com\\\/wp-content\\\/uploads\\\/2025\\\/11\\\/1.png\",\"width\":1080,\"height\":1080},{\"@type\":\"BreadcrumbList\",\"@id\":\"https:\\\/\\\/ambiance.maisoninterbois.com\\\/product\\\/chaise-nettuno\\\/#breadcrumb\",\"itemListElement\":[{\"@type\":\"ListItem\",\"position\":1,\"name\":\"Accueil\",\"item\":\"https:\\\/\\\/ambiance.maisoninterbois.com\\\/\"},{\"@type\":\"ListItem\",\"position\":2,\"name\":\"Produits\",\"item\":\"https:\\\/\\\/ambiance.maisoninterbois.com\\\/produits\\\/\"},{\"@type\":\"ListItem\",\"position\":3,\"name\":\"Chaise NETTUNO\"}]},{\"@type\":\"WebSite\",\"@id\":\"https:\\\/\\\/ambiance.maisoninterbois.com\\\/#website\",\"url\":\"https:\\\/\\\/ambiance.maisoninterbois.com\\\/\",\"name\":\"INTERBOIS AMBIANCE\",\"description\":\"Qualit\u00e9 et confort pour un style in\u00e9gal\u00e9\",\"publisher\":{\"@id\":\"https:\\\/\\\/ambiance.maisoninterbois.com\\\/#organization\"},\"potentialAction\":[{\"@type\":\"SearchAction\",\"target\":{\"@type\":\"EntryPoint\",\"urlTemplate\":\"https:\\\/\\\/ambiance.maisoninterbois.com\\\/?s={search_term_string}\"},\"query-input\":{\"@type\":\"PropertyValueSpecification\",\"valueRequired\":true,\"valueName\":\"search_term_string\"}}],\"inLanguage\":\"en-US\"},{\"@type\":\"Organization\",\"@id\":\"https:\\\/\\\/ambiance.maisoninterbois.com\\\/#organization\",\"name\":\"Ambiance Interbois\",\"url\":\"https:\\\/\\\/ambiance.maisoninterbois.com\\\/\",\"logo\":{\"@type\":\"ImageObject\",\"inLanguage\":\"en-US\",\"@id\":\"https:\\\/\\\/ambiance.maisoninterbois.com\\\/#\\\/schema\\\/logo\\\/image\\\/\",\"url\":\"https:\\\/\\\/ambiance.maisoninterbois.com\\\/wp-content\\\/uploads\\\/2024\\\/05\\\/Logo-interbois-Fond-clair.png\",\"contentUrl\":\"https:\\\/\\\/ambiance.maisoninterbois.com\\\/wp-content\\\/uploads\\\/2024\\\/05\\\/Logo-interbois-Fond-clair.png\",\"width\":2560,\"height\":1440,\"caption\":\"Ambiance Interbois\"},\"image\":{\"@id\":\"https:\\\/\\\/ambiance.maisoninterbois.com\\\/#\\\/schema\\\/logo\\\/image\\\/\"},\"sameAs\":[\"https:\\\/\\\/www.facebook.com\\\/InterboisAmbiance\",\"https:\\\/\\\/www.instagram.com\\\/interboisambiance\",\"https:\\\/\\\/www.linkedin.com\\\/company\\\/interbois-ambiance\\\/\"]}]}<\/script>\n<!-- \/ Yoast SEO Premium plugin. -->","yoast_head_json":{"title":"Chaise NETTUNO | INTERBOIS AMBIANCE","robots":{"index":"index","follow":"follow","max-snippet":"max-snippet:-1","max-image-preview":"max-image-preview:large","max-video-preview":"max-video-preview:-1"},"canonical":"https:\/\/ambiance.maisoninterbois.com\/en\/product\/chaise-nettuno\/","og_locale":"en_US","og_type":"article","og_title":"Chaise NETTUNO","og_description":"Notre chaise NETTUNO avec accoudoirs en techno polym\u00e8re allie l\u00e9g\u00e8ret\u00e9, solidit\u00e9 et design contemporain, id\u00e9ale pour \u00e9quiper les espaces int\u00e9rieurs et ext\u00e9rieurs des restaurants et caf\u00e9s. Facile \u00e0 entretenir.  &nbsp;  &nbsp;  &nbsp;","og_url":"https:\/\/ambiance.maisoninterbois.com\/en\/product\/chaise-nettuno\/","og_site_name":"INTERBOIS AMBIANCE","article_publisher":"https:\/\/www.facebook.com\/InterboisAmbiance","article_modified_time":"2025-11-18T13:49:52+00:00","og_image":[{"width":1080,"height":1080,"url":"https:\/\/ambiance.maisoninterbois.com\/wp-content\/uploads\/2025\/11\/1.png","type":"image\/png"}],"twitter_card":"summary_large_image","twitter_misc":{"Est. reading time":"1 minute"},"schema":{"@context":"https:\/\/schema.org","@graph":[{"@type":"WebPage","@id":"https:\/\/ambiance.maisoninterbois.com\/product\/chaise-nettuno\/","url":"https:\/\/ambiance.maisoninterbois.com\/product\/chaise-nettuno\/","name":"Chaise NETTUNO | INTERBOIS AMBIANCE","isPartOf":{"@id":"https:\/\/ambiance.maisoninterbois.com\/#website"},"primaryImageOfPage":{"@id":"https:\/\/ambiance.maisoninterbois.com\/product\/chaise-nettuno\/#primaryimage"},"image":{"@id":"https:\/\/ambiance.maisoninterbois.com\/product\/chaise-nettuno\/#primaryimage"},"thumbnailUrl":"https:\/\/ambiance.maisoninterbois.com\/wp-content\/uploads\/2025\/11\/1.png","datePublished":"2025-11-18T13:46:34+00:00","dateModified":"2025-11-18T13:49:52+00:00","breadcrumb":{"@id":"https:\/\/ambiance.maisoninterbois.com\/product\/chaise-nettuno\/#breadcrumb"},"inLanguage":"en-US","potentialAction":[{"@type":"ReadAction","target":["https:\/\/ambiance.maisoninterbois.com\/product\/chaise-nettuno\/"]}]},{"@type":"ImageObject","inLanguage":"en-US","@id":"https:\/\/ambiance.maisoninterbois.com\/product\/chaise-nettuno\/#primaryimage","url":"https:\/\/ambiance.maisoninterbois.com\/wp-content\/uploads\/2025\/11\/1.png","contentUrl":"https:\/\/ambiance.maisoninterbois.com\/wp-content\/uploads\/2025\/11\/1.png","width":1080,"height":1080},{"@type":"BreadcrumbList","@id":"https:\/\/ambiance.maisoninterbois.com\/product\/chaise-nettuno\/#breadcrumb","itemListElement":[{"@type":"ListItem","position":1,"name":"Accueil","item":"https:\/\/ambiance.maisoninterbois.com\/"},{"@type":"ListItem","position":2,"name":"Produits","item":"https:\/\/ambiance.maisoninterbois.com\/produits\/"},{"@type":"ListItem","position":3,"name":"Chaise NETTUNO"}]},{"@type":"WebSite","@id":"https:\/\/ambiance.maisoninterbois.com\/#website","url":"https:\/\/ambiance.maisoninterbois.com\/","name":"INTERBOIS AMBIANCE","description":"Qualit\u00e9 et confort pour un style in\u00e9gal\u00e9","publisher":{"@id":"https:\/\/ambiance.maisoninterbois.com\/#organization"},"potentialAction":[{"@type":"SearchAction","target":{"@type":"EntryPoint","urlTemplate":"https:\/\/ambiance.maisoninterbois.com\/?s={search_term_string}"},"query-input":{"@type":"PropertyValueSpecification","valueRequired":true,"valueName":"search_term_string"}}],"inLanguage":"en-US"},{"@type":"Organization","@id":"https:\/\/ambiance.maisoninterbois.com\/#organization","name":"Ambiance Interbois","url":"https:\/\/ambiance.maisoninterbois.com\/","logo":{"@type":"ImageObject","inLanguage":"en-US","@id":"https:\/\/ambiance.maisoninterbois.com\/#\/schema\/logo\/image\/","url":"https:\/\/ambiance.maisoninterbois.com\/wp-content\/uploads\/2024\/05\/Logo-interbois-Fond-clair.png","contentUrl":"https:\/\/ambiance.maisoninterbois.com\/wp-content\/uploads\/2024\/05\/Logo-interbois-Fond-clair.png","width":2560,"height":1440,"caption":"Ambiance Interbois"},"image":{"@id":"https:\/\/ambiance.maisoninterbois.com\/#\/schema\/logo\/image\/"},"sameAs":["https:\/\/www.facebook.com\/InterboisAmbiance","https:\/\/www.instagram.com\/interboisambiance","https:\/\/www.linkedin.com\/company\/interbois-ambiance\/"]}]}},"_links":{"self":[{"href":"https:\/\/ambiance.maisoninterbois.com\/en\/wp-json\/wp\/v2\/product\/3056","targetHints":{"allow":["GET"]}}],"collection":[{"href":"https:\/\/ambiance.maisoninterbois.com\/en\/wp-json\/wp\/v2\/product"}],"about":[{"href":"https:\/\/ambiance.maisoninterbois.com\/en\/wp-json\/wp\/v2\/types\/product"}],"wp:featuredmedia":[{"embeddable":true,"href":"https:\/\/ambiance.maisoninterbois.com\/en\/wp-json\/wp\/v2\/media\/3058"}],"wp:attachment":[{"href":"https:\/\/ambiance.maisoninterbois.com\/en\/wp-json\/wp\/v2\/media?parent=3056"}],"wp:term":[{"taxonomy":"product_brand","embeddable":true,"href":"https:\/\/ambiance.maisoninterbois.com\/en\/wp-json\/wp\/v2\/product_brand?post=3056"},{"taxonomy":"product_cat","embeddable":true,"href":"https:\/\/ambiance.maisoninterbois.com\/en\/wp-json\/wp\/v2\/product_cat?post=3056"},{"taxonomy":"product_tag","embeddable":true,"href":"https:\/\/ambiance.maisoninterbois.com\/en\/wp-json\/wp\/v2\/product_tag?post=3056"}],"curies":[{"name":"wp","href":"https:\/\/api.w.org\/{rel}","templated":true}]}}