{"id":1109,"date":"2024-11-11T00:23:30","date_gmt":"2024-11-11T00:23:30","guid":{"rendered":"https:\/\/ambiance.maisoninterbois.com\/?post_type=product&#038;p=1109"},"modified":"2026-02-06T07:36:53","modified_gmt":"2026-02-06T07:36:53","slug":"tabouret-giano-2","status":"publish","type":"product","link":"https:\/\/ambiance.maisoninterbois.com\/en\/product\/tabouret-giano-2\/","title":{"rendered":"GIANO stool"},"content":{"rendered":"","protected":false},"excerpt":{"rendered":"<p class=\"p1\">The GIANO technopolymer stool is available in anthracite, taupe and white. Sturdy and easy\nto maintain, it's ideal for complementing your interior or exterior d\u00e9cor with elegance and\nfunctionality.<\/p>\n<p><a href=\"https:\/\/ambiance.maisoninterbois.com\/wp-content\/uploads\/2024\/11\/GIANO-M3014-M3015-PRIX-260-DT-TTC.jpg\"><img loading=\"lazy\" decoding=\"async\" class=\"size-large wp-image-1566 aligncenter\" src=\"https:\/\/ambiance.maisoninterbois.com\/wp-content\/uploads\/2024\/11\/GIANO-M3014-M3015-PRIX-260-DT-TTC-1024x1024.jpg\" alt=\"\" width=\"640\" height=\"640\" srcset=\"https:\/\/ambiance.maisoninterbois.com\/wp-content\/uploads\/2024\/11\/GIANO-M3014-M3015-PRIX-260-DT-TTC-1024x1024.jpg 1024w, https:\/\/ambiance.maisoninterbois.com\/wp-content\/uploads\/2024\/11\/GIANO-M3014-M3015-PRIX-260-DT-TTC-300x300.jpg 300w, https:\/\/ambiance.maisoninterbois.com\/wp-content\/uploads\/2024\/11\/GIANO-M3014-M3015-PRIX-260-DT-TTC-150x150.jpg 150w, https:\/\/ambiance.maisoninterbois.com\/wp-content\/uploads\/2024\/11\/GIANO-M3014-M3015-PRIX-260-DT-TTC-768x768.jpg 768w, https:\/\/ambiance.maisoninterbois.com\/wp-content\/uploads\/2024\/11\/GIANO-M3014-M3015-PRIX-260-DT-TTC-100x100.jpg 100w, https:\/\/ambiance.maisoninterbois.com\/wp-content\/uploads\/2024\/11\/GIANO-M3014-M3015-PRIX-260-DT-TTC-433x433.jpg 433w, https:\/\/ambiance.maisoninterbois.com\/wp-content\/uploads\/2024\/11\/GIANO-M3014-M3015-PRIX-260-DT-TTC-937x937.jpg 937w, https:\/\/ambiance.maisoninterbois.com\/wp-content\/uploads\/2024\/11\/GIANO-M3014-M3015-PRIX-260-DT-TTC.jpg 1080w\" sizes=\"auto, (max-width: 640px) 100vw, 640px\" \/><\/a><\/p>","protected":false},"featured_media":1159,"template":"","meta":[],"product_brand":[],"product_cat":[58,62],"product_tag":[],"class_list":{"0":"post-1109","1":"product","2":"type-product","3":"status-publish","4":"has-post-thumbnail","6":"product_cat-collections-outdoor","7":"product_cat-tabouret-dexterieur","9":"first","10":"instock","11":"shipping-taxable","12":"purchasable","13":"product-type-simple","14":"layout-style-2","15":"col-md-4 col-sm-4 col-xs-6","16":"col-lg-3","17":"product-style-addtocart"},"yoast_head":"<!-- This site is optimized with the Yoast SEO Premium plugin v26.3 (Yoast SEO v27.4) - https:\/\/yoast.com\/product\/yoast-seo-premium-wordpress\/ -->\n<title>Tabouret GIANO | INTERBOIS AMBIANCE<\/title>\n<meta name=\"robots\" content=\"index, follow, max-snippet:-1, max-image-preview:large, max-video-preview:-1\" \/>\n<link rel=\"canonical\" href=\"https:\/\/ambiance.maisoninterbois.com\/en\/product\/tabouret-giano-2\/\" \/>\n<meta property=\"og:locale\" content=\"en_US\" \/>\n<meta property=\"og:type\" content=\"article\" \/>\n<meta property=\"og:title\" content=\"Tabouret GIANO\" \/>\n<meta property=\"og:description\" content=\"Le tabouret GIANO en technopolym\u00e8re est disponible dans les couleurs anthracite, taupe et blanc. Robuste et facile \u00e0 entretenir, il est id\u00e9al pour compl\u00e9ter votre d\u00e9cor int\u00e9rieur ou ext\u00e9rieur avec \u00e9l\u00e9gance et fonctionnalit\u00e9.\" \/>\n<meta property=\"og:url\" content=\"https:\/\/ambiance.maisoninterbois.com\/en\/product\/tabouret-giano-2\/\" \/>\n<meta property=\"og:site_name\" content=\"INTERBOIS AMBIANCE\" \/>\n<meta property=\"article:publisher\" content=\"https:\/\/www.facebook.com\/InterboisAmbiance\" \/>\n<meta property=\"article:modified_time\" content=\"2026-02-06T07:36:53+00:00\" \/>\n<meta property=\"og:image\" content=\"https:\/\/ambiance.maisoninterbois.com\/wp-content\/uploads\/2024\/11\/Giano3.jpg\" \/>\n\t<meta property=\"og:image:width\" content=\"1000\" \/>\n\t<meta property=\"og:image:height\" content=\"1188\" \/>\n\t<meta property=\"og:image:type\" content=\"image\/jpeg\" \/>\n<meta name=\"twitter:card\" content=\"summary_large_image\" \/>\n<meta name=\"twitter:label1\" content=\"Est. reading time\" \/>\n\t<meta name=\"twitter:data1\" content=\"1 minute\" \/>\n<script type=\"application\/ld+json\" class=\"yoast-schema-graph\">{\"@context\":\"https:\\\/\\\/schema.org\",\"@graph\":[{\"@type\":\"WebPage\",\"@id\":\"https:\\\/\\\/ambiance.maisoninterbois.com\\\/product\\\/tabouret-giano-2\\\/\",\"url\":\"https:\\\/\\\/ambiance.maisoninterbois.com\\\/product\\\/tabouret-giano-2\\\/\",\"name\":\"Tabouret GIANO | INTERBOIS AMBIANCE\",\"isPartOf\":{\"@id\":\"https:\\\/\\\/ambiance.maisoninterbois.com\\\/#website\"},\"primaryImageOfPage\":{\"@id\":\"https:\\\/\\\/ambiance.maisoninterbois.com\\\/product\\\/tabouret-giano-2\\\/#primaryimage\"},\"image\":{\"@id\":\"https:\\\/\\\/ambiance.maisoninterbois.com\\\/product\\\/tabouret-giano-2\\\/#primaryimage\"},\"thumbnailUrl\":\"https:\\\/\\\/ambiance.maisoninterbois.com\\\/wp-content\\\/uploads\\\/2024\\\/11\\\/Giano3.jpg\",\"datePublished\":\"2024-11-11T00:23:30+00:00\",\"dateModified\":\"2026-02-06T07:36:53+00:00\",\"breadcrumb\":{\"@id\":\"https:\\\/\\\/ambiance.maisoninterbois.com\\\/product\\\/tabouret-giano-2\\\/#breadcrumb\"},\"inLanguage\":\"en-US\",\"potentialAction\":[{\"@type\":\"ReadAction\",\"target\":[\"https:\\\/\\\/ambiance.maisoninterbois.com\\\/product\\\/tabouret-giano-2\\\/\"]}]},{\"@type\":\"ImageObject\",\"inLanguage\":\"en-US\",\"@id\":\"https:\\\/\\\/ambiance.maisoninterbois.com\\\/product\\\/tabouret-giano-2\\\/#primaryimage\",\"url\":\"https:\\\/\\\/ambiance.maisoninterbois.com\\\/wp-content\\\/uploads\\\/2024\\\/11\\\/Giano3.jpg\",\"contentUrl\":\"https:\\\/\\\/ambiance.maisoninterbois.com\\\/wp-content\\\/uploads\\\/2024\\\/11\\\/Giano3.jpg\",\"width\":1000,\"height\":1188},{\"@type\":\"BreadcrumbList\",\"@id\":\"https:\\\/\\\/ambiance.maisoninterbois.com\\\/product\\\/tabouret-giano-2\\\/#breadcrumb\",\"itemListElement\":[{\"@type\":\"ListItem\",\"position\":1,\"name\":\"Accueil\",\"item\":\"https:\\\/\\\/ambiance.maisoninterbois.com\\\/\"},{\"@type\":\"ListItem\",\"position\":2,\"name\":\"Produits\",\"item\":\"https:\\\/\\\/ambiance.maisoninterbois.com\\\/produits\\\/\"},{\"@type\":\"ListItem\",\"position\":3,\"name\":\"Tabouret GIANO\"}]},{\"@type\":\"WebSite\",\"@id\":\"https:\\\/\\\/ambiance.maisoninterbois.com\\\/#website\",\"url\":\"https:\\\/\\\/ambiance.maisoninterbois.com\\\/\",\"name\":\"INTERBOIS AMBIANCE\",\"description\":\"Qualit\u00e9 et confort pour un style in\u00e9gal\u00e9\",\"publisher\":{\"@id\":\"https:\\\/\\\/ambiance.maisoninterbois.com\\\/#organization\"},\"potentialAction\":[{\"@type\":\"SearchAction\",\"target\":{\"@type\":\"EntryPoint\",\"urlTemplate\":\"https:\\\/\\\/ambiance.maisoninterbois.com\\\/?s={search_term_string}\"},\"query-input\":{\"@type\":\"PropertyValueSpecification\",\"valueRequired\":true,\"valueName\":\"search_term_string\"}}],\"inLanguage\":\"en-US\"},{\"@type\":\"Organization\",\"@id\":\"https:\\\/\\\/ambiance.maisoninterbois.com\\\/#organization\",\"name\":\"Ambiance Interbois\",\"url\":\"https:\\\/\\\/ambiance.maisoninterbois.com\\\/\",\"logo\":{\"@type\":\"ImageObject\",\"inLanguage\":\"en-US\",\"@id\":\"https:\\\/\\\/ambiance.maisoninterbois.com\\\/#\\\/schema\\\/logo\\\/image\\\/\",\"url\":\"https:\\\/\\\/ambiance.maisoninterbois.com\\\/wp-content\\\/uploads\\\/2024\\\/05\\\/Logo-interbois-Fond-clair.png\",\"contentUrl\":\"https:\\\/\\\/ambiance.maisoninterbois.com\\\/wp-content\\\/uploads\\\/2024\\\/05\\\/Logo-interbois-Fond-clair.png\",\"width\":2560,\"height\":1440,\"caption\":\"Ambiance Interbois\"},\"image\":{\"@id\":\"https:\\\/\\\/ambiance.maisoninterbois.com\\\/#\\\/schema\\\/logo\\\/image\\\/\"},\"sameAs\":[\"https:\\\/\\\/www.facebook.com\\\/InterboisAmbiance\",\"https:\\\/\\\/www.instagram.com\\\/interboisambiance\",\"https:\\\/\\\/www.linkedin.com\\\/company\\\/interbois-ambiance\\\/\"]}]}<\/script>\n<!-- \/ Yoast SEO Premium plugin. -->","yoast_head_json":{"title":"Tabouret GIANO | INTERBOIS AMBIANCE","robots":{"index":"index","follow":"follow","max-snippet":"max-snippet:-1","max-image-preview":"max-image-preview:large","max-video-preview":"max-video-preview:-1"},"canonical":"https:\/\/ambiance.maisoninterbois.com\/en\/product\/tabouret-giano-2\/","og_locale":"en_US","og_type":"article","og_title":"Tabouret GIANO","og_description":"Le tabouret GIANO en technopolym\u00e8re est disponible dans les couleurs anthracite, taupe et blanc. Robuste et facile \u00e0 entretenir, il est id\u00e9al pour compl\u00e9ter votre d\u00e9cor int\u00e9rieur ou ext\u00e9rieur avec \u00e9l\u00e9gance et fonctionnalit\u00e9.","og_url":"https:\/\/ambiance.maisoninterbois.com\/en\/product\/tabouret-giano-2\/","og_site_name":"INTERBOIS AMBIANCE","article_publisher":"https:\/\/www.facebook.com\/InterboisAmbiance","article_modified_time":"2026-02-06T07:36:53+00:00","og_image":[{"width":1000,"height":1188,"url":"https:\/\/ambiance.maisoninterbois.com\/wp-content\/uploads\/2024\/11\/Giano3.jpg","type":"image\/jpeg"}],"twitter_card":"summary_large_image","twitter_misc":{"Est. reading time":"1 minute"},"schema":{"@context":"https:\/\/schema.org","@graph":[{"@type":"WebPage","@id":"https:\/\/ambiance.maisoninterbois.com\/product\/tabouret-giano-2\/","url":"https:\/\/ambiance.maisoninterbois.com\/product\/tabouret-giano-2\/","name":"Tabouret GIANO | INTERBOIS AMBIANCE","isPartOf":{"@id":"https:\/\/ambiance.maisoninterbois.com\/#website"},"primaryImageOfPage":{"@id":"https:\/\/ambiance.maisoninterbois.com\/product\/tabouret-giano-2\/#primaryimage"},"image":{"@id":"https:\/\/ambiance.maisoninterbois.com\/product\/tabouret-giano-2\/#primaryimage"},"thumbnailUrl":"https:\/\/ambiance.maisoninterbois.com\/wp-content\/uploads\/2024\/11\/Giano3.jpg","datePublished":"2024-11-11T00:23:30+00:00","dateModified":"2026-02-06T07:36:53+00:00","breadcrumb":{"@id":"https:\/\/ambiance.maisoninterbois.com\/product\/tabouret-giano-2\/#breadcrumb"},"inLanguage":"en-US","potentialAction":[{"@type":"ReadAction","target":["https:\/\/ambiance.maisoninterbois.com\/product\/tabouret-giano-2\/"]}]},{"@type":"ImageObject","inLanguage":"en-US","@id":"https:\/\/ambiance.maisoninterbois.com\/product\/tabouret-giano-2\/#primaryimage","url":"https:\/\/ambiance.maisoninterbois.com\/wp-content\/uploads\/2024\/11\/Giano3.jpg","contentUrl":"https:\/\/ambiance.maisoninterbois.com\/wp-content\/uploads\/2024\/11\/Giano3.jpg","width":1000,"height":1188},{"@type":"BreadcrumbList","@id":"https:\/\/ambiance.maisoninterbois.com\/product\/tabouret-giano-2\/#breadcrumb","itemListElement":[{"@type":"ListItem","position":1,"name":"Accueil","item":"https:\/\/ambiance.maisoninterbois.com\/"},{"@type":"ListItem","position":2,"name":"Produits","item":"https:\/\/ambiance.maisoninterbois.com\/produits\/"},{"@type":"ListItem","position":3,"name":"Tabouret GIANO"}]},{"@type":"WebSite","@id":"https:\/\/ambiance.maisoninterbois.com\/#website","url":"https:\/\/ambiance.maisoninterbois.com\/","name":"INTERBOIS AMBIANCE","description":"Qualit\u00e9 et confort pour un style in\u00e9gal\u00e9","publisher":{"@id":"https:\/\/ambiance.maisoninterbois.com\/#organization"},"potentialAction":[{"@type":"SearchAction","target":{"@type":"EntryPoint","urlTemplate":"https:\/\/ambiance.maisoninterbois.com\/?s={search_term_string}"},"query-input":{"@type":"PropertyValueSpecification","valueRequired":true,"valueName":"search_term_string"}}],"inLanguage":"en-US"},{"@type":"Organization","@id":"https:\/\/ambiance.maisoninterbois.com\/#organization","name":"Ambiance Interbois","url":"https:\/\/ambiance.maisoninterbois.com\/","logo":{"@type":"ImageObject","inLanguage":"en-US","@id":"https:\/\/ambiance.maisoninterbois.com\/#\/schema\/logo\/image\/","url":"https:\/\/ambiance.maisoninterbois.com\/wp-content\/uploads\/2024\/05\/Logo-interbois-Fond-clair.png","contentUrl":"https:\/\/ambiance.maisoninterbois.com\/wp-content\/uploads\/2024\/05\/Logo-interbois-Fond-clair.png","width":2560,"height":1440,"caption":"Ambiance Interbois"},"image":{"@id":"https:\/\/ambiance.maisoninterbois.com\/#\/schema\/logo\/image\/"},"sameAs":["https:\/\/www.facebook.com\/InterboisAmbiance","https:\/\/www.instagram.com\/interboisambiance","https:\/\/www.linkedin.com\/company\/interbois-ambiance\/"]}]}},"_links":{"self":[{"href":"https:\/\/ambiance.maisoninterbois.com\/en\/wp-json\/wp\/v2\/product\/1109","targetHints":{"allow":["GET"]}}],"collection":[{"href":"https:\/\/ambiance.maisoninterbois.com\/en\/wp-json\/wp\/v2\/product"}],"about":[{"href":"https:\/\/ambiance.maisoninterbois.com\/en\/wp-json\/wp\/v2\/types\/product"}],"wp:featuredmedia":[{"embeddable":true,"href":"https:\/\/ambiance.maisoninterbois.com\/en\/wp-json\/wp\/v2\/media\/1159"}],"wp:attachment":[{"href":"https:\/\/ambiance.maisoninterbois.com\/en\/wp-json\/wp\/v2\/media?parent=1109"}],"wp:term":[{"taxonomy":"product_brand","embeddable":true,"href":"https:\/\/ambiance.maisoninterbois.com\/en\/wp-json\/wp\/v2\/product_brand?post=1109"},{"taxonomy":"product_cat","embeddable":true,"href":"https:\/\/ambiance.maisoninterbois.com\/en\/wp-json\/wp\/v2\/product_cat?post=1109"},{"taxonomy":"product_tag","embeddable":true,"href":"https:\/\/ambiance.maisoninterbois.com\/en\/wp-json\/wp\/v2\/product_tag?post=1109"}],"curies":[{"name":"wp","href":"https:\/\/api.w.org\/{rel}","templated":true}]}}