{"id":1032,"date":"2024-11-10T17:07:30","date_gmt":"2024-11-10T17:07:30","guid":{"rendered":"https:\/\/ambiance.maisoninterbois.com\/?post_type=product&#038;p=1032"},"modified":"2026-01-24T11:58:42","modified_gmt":"2026-01-24T11:58:42","slug":"fauteuil-lounge-chloe","status":"publish","type":"product","link":"https:\/\/ambiance.maisoninterbois.com\/en\/product\/fauteuil-lounge-chloe\/","title":{"rendered":"CHLOE lounge chair"},"content":{"rendered":"","protected":false},"excerpt":{"rendered":"<p><span class=\"s1\">Le fauteuil lounge Chloe, une fusion parfaite de confort et d&rsquo;\u00e9l\u00e9gance contemporaine. Dot\u00e9 d&rsquo;une assise capitonn\u00e9e en simili cuir de haute qualit\u00e9 et d&rsquo;une structure en bois robuste, ce fauteuil offre un design sophistiqu\u00e9 qui s&rsquo;int\u00e8gre harmonieusement \u00e0 tout int\u00e9rieur moderne.<\/span><\/p>\n<p><a href=\"https:\/\/ambiance.maisoninterbois.com\/wp-content\/uploads\/2024\/11\/CHLOE-I2013-PRIX-3100DT-TTC.jpg\"><img loading=\"lazy\" decoding=\"async\" class=\"size-large wp-image-1411 aligncenter\" src=\"https:\/\/ambiance.maisoninterbois.com\/wp-content\/uploads\/2024\/11\/CHLOE-I2013-PRIX-3100DT-TTC-1024x1024.jpg\" alt=\"\" width=\"640\" height=\"640\" srcset=\"https:\/\/ambiance.maisoninterbois.com\/wp-content\/uploads\/2024\/11\/CHLOE-I2013-PRIX-3100DT-TTC-1024x1024.jpg 1024w, https:\/\/ambiance.maisoninterbois.com\/wp-content\/uploads\/2024\/11\/CHLOE-I2013-PRIX-3100DT-TTC-300x300.jpg 300w, https:\/\/ambiance.maisoninterbois.com\/wp-content\/uploads\/2024\/11\/CHLOE-I2013-PRIX-3100DT-TTC-150x150.jpg 150w, https:\/\/ambiance.maisoninterbois.com\/wp-content\/uploads\/2024\/11\/CHLOE-I2013-PRIX-3100DT-TTC-768x768.jpg 768w, https:\/\/ambiance.maisoninterbois.com\/wp-content\/uploads\/2024\/11\/CHLOE-I2013-PRIX-3100DT-TTC-100x100.jpg 100w, https:\/\/ambiance.maisoninterbois.com\/wp-content\/uploads\/2024\/11\/CHLOE-I2013-PRIX-3100DT-TTC-433x433.jpg 433w, https:\/\/ambiance.maisoninterbois.com\/wp-content\/uploads\/2024\/11\/CHLOE-I2013-PRIX-3100DT-TTC-937x937.jpg 937w, https:\/\/ambiance.maisoninterbois.com\/wp-content\/uploads\/2024\/11\/CHLOE-I2013-PRIX-3100DT-TTC.jpg 1080w\" sizes=\"auto, (max-width: 640px) 100vw, 640px\" \/><\/a><\/p>","protected":false},"featured_media":1727,"template":"","meta":[],"product_brand":[],"product_cat":[59,71],"product_tag":[],"class_list":{"0":"post-1032","1":"product","2":"type-product","3":"status-publish","4":"has-post-thumbnail","6":"product_cat-collections-indoor","7":"product_cat-fauteuil","9":"first","10":"instock","11":"shipping-taxable","12":"purchasable","13":"product-type-simple","14":"layout-style-2","15":"col-md-4 col-sm-4 col-xs-6","16":"col-lg-3","17":"product-has-gallery","18":"product-style-addtocart"},"yoast_head":"<!-- This site is optimized with the Yoast SEO Premium plugin v26.3 (Yoast SEO v27.3) - https:\/\/yoast.com\/product\/yoast-seo-premium-wordpress\/ -->\n<title>Fauteuil lounge CHLOE | INTERBOIS AMBIANCE<\/title>\n<meta name=\"robots\" content=\"index, follow, max-snippet:-1, max-image-preview:large, max-video-preview:-1\" \/>\n<link rel=\"canonical\" href=\"https:\/\/ambiance.maisoninterbois.com\/en\/product\/fauteuil-lounge-chloe\/\" \/>\n<meta property=\"og:locale\" content=\"en_US\" \/>\n<meta property=\"og:type\" content=\"article\" \/>\n<meta property=\"og:title\" content=\"Fauteuil lounge CHLOE\" \/>\n<meta property=\"og:description\" content=\"Le fauteuil lounge Chloe, une fusion parfaite de confort et d&#039;\u00e9l\u00e9gance contemporaine. Dot\u00e9 d&#039;une assise capitonn\u00e9e en simili cuir de haute qualit\u00e9 et d&#039;une structure en bois robuste, ce fauteuil offre un design sophistiqu\u00e9 qui s&#039;int\u00e8gre harmonieusement \u00e0 tout int\u00e9rieur moderne.\" \/>\n<meta property=\"og:url\" content=\"https:\/\/ambiance.maisoninterbois.com\/en\/product\/fauteuil-lounge-chloe\/\" \/>\n<meta property=\"og:site_name\" content=\"INTERBOIS AMBIANCE\" \/>\n<meta property=\"article:publisher\" content=\"https:\/\/www.facebook.com\/InterboisAmbiance\" \/>\n<meta property=\"article:modified_time\" content=\"2026-01-24T11:58:42+00:00\" \/>\n<meta property=\"og:image\" content=\"https:\/\/ambiance.maisoninterbois.com\/wp-content\/uploads\/2024\/11\/88.png\" \/>\n\t<meta property=\"og:image:width\" content=\"1080\" \/>\n\t<meta property=\"og:image:height\" content=\"1080\" \/>\n\t<meta property=\"og:image:type\" content=\"image\/png\" \/>\n<meta name=\"twitter:card\" content=\"summary_large_image\" \/>\n<meta name=\"twitter:label1\" content=\"Est. reading time\" \/>\n\t<meta name=\"twitter:data1\" content=\"1 minute\" \/>\n<script type=\"application\/ld+json\" class=\"yoast-schema-graph\">{\"@context\":\"https:\\\/\\\/schema.org\",\"@graph\":[{\"@type\":\"WebPage\",\"@id\":\"https:\\\/\\\/ambiance.maisoninterbois.com\\\/product\\\/fauteuil-lounge-chloe\\\/\",\"url\":\"https:\\\/\\\/ambiance.maisoninterbois.com\\\/product\\\/fauteuil-lounge-chloe\\\/\",\"name\":\"Fauteuil lounge CHLOE | INTERBOIS AMBIANCE\",\"isPartOf\":{\"@id\":\"https:\\\/\\\/ambiance.maisoninterbois.com\\\/#website\"},\"primaryImageOfPage\":{\"@id\":\"https:\\\/\\\/ambiance.maisoninterbois.com\\\/product\\\/fauteuil-lounge-chloe\\\/#primaryimage\"},\"image\":{\"@id\":\"https:\\\/\\\/ambiance.maisoninterbois.com\\\/product\\\/fauteuil-lounge-chloe\\\/#primaryimage\"},\"thumbnailUrl\":\"https:\\\/\\\/ambiance.maisoninterbois.com\\\/wp-content\\\/uploads\\\/2024\\\/11\\\/88.png\",\"datePublished\":\"2024-11-10T17:07:30+00:00\",\"dateModified\":\"2026-01-24T11:58:42+00:00\",\"breadcrumb\":{\"@id\":\"https:\\\/\\\/ambiance.maisoninterbois.com\\\/product\\\/fauteuil-lounge-chloe\\\/#breadcrumb\"},\"inLanguage\":\"en-US\",\"potentialAction\":[{\"@type\":\"ReadAction\",\"target\":[\"https:\\\/\\\/ambiance.maisoninterbois.com\\\/product\\\/fauteuil-lounge-chloe\\\/\"]}]},{\"@type\":\"ImageObject\",\"inLanguage\":\"en-US\",\"@id\":\"https:\\\/\\\/ambiance.maisoninterbois.com\\\/product\\\/fauteuil-lounge-chloe\\\/#primaryimage\",\"url\":\"https:\\\/\\\/ambiance.maisoninterbois.com\\\/wp-content\\\/uploads\\\/2024\\\/11\\\/88.png\",\"contentUrl\":\"https:\\\/\\\/ambiance.maisoninterbois.com\\\/wp-content\\\/uploads\\\/2024\\\/11\\\/88.png\",\"width\":1080,\"height\":1080},{\"@type\":\"BreadcrumbList\",\"@id\":\"https:\\\/\\\/ambiance.maisoninterbois.com\\\/product\\\/fauteuil-lounge-chloe\\\/#breadcrumb\",\"itemListElement\":[{\"@type\":\"ListItem\",\"position\":1,\"name\":\"Accueil\",\"item\":\"https:\\\/\\\/ambiance.maisoninterbois.com\\\/\"},{\"@type\":\"ListItem\",\"position\":2,\"name\":\"Produits\",\"item\":\"https:\\\/\\\/ambiance.maisoninterbois.com\\\/produits\\\/\"},{\"@type\":\"ListItem\",\"position\":3,\"name\":\"Fauteuil lounge CHLOE\"}]},{\"@type\":\"WebSite\",\"@id\":\"https:\\\/\\\/ambiance.maisoninterbois.com\\\/#website\",\"url\":\"https:\\\/\\\/ambiance.maisoninterbois.com\\\/\",\"name\":\"INTERBOIS AMBIANCE\",\"description\":\"Qualit\u00e9 et confort pour un style in\u00e9gal\u00e9\",\"publisher\":{\"@id\":\"https:\\\/\\\/ambiance.maisoninterbois.com\\\/#organization\"},\"potentialAction\":[{\"@type\":\"SearchAction\",\"target\":{\"@type\":\"EntryPoint\",\"urlTemplate\":\"https:\\\/\\\/ambiance.maisoninterbois.com\\\/?s={search_term_string}\"},\"query-input\":{\"@type\":\"PropertyValueSpecification\",\"valueRequired\":true,\"valueName\":\"search_term_string\"}}],\"inLanguage\":\"en-US\"},{\"@type\":\"Organization\",\"@id\":\"https:\\\/\\\/ambiance.maisoninterbois.com\\\/#organization\",\"name\":\"Ambiance Interbois\",\"url\":\"https:\\\/\\\/ambiance.maisoninterbois.com\\\/\",\"logo\":{\"@type\":\"ImageObject\",\"inLanguage\":\"en-US\",\"@id\":\"https:\\\/\\\/ambiance.maisoninterbois.com\\\/#\\\/schema\\\/logo\\\/image\\\/\",\"url\":\"https:\\\/\\\/ambiance.maisoninterbois.com\\\/wp-content\\\/uploads\\\/2024\\\/05\\\/Logo-interbois-Fond-clair.png\",\"contentUrl\":\"https:\\\/\\\/ambiance.maisoninterbois.com\\\/wp-content\\\/uploads\\\/2024\\\/05\\\/Logo-interbois-Fond-clair.png\",\"width\":2560,\"height\":1440,\"caption\":\"Ambiance Interbois\"},\"image\":{\"@id\":\"https:\\\/\\\/ambiance.maisoninterbois.com\\\/#\\\/schema\\\/logo\\\/image\\\/\"},\"sameAs\":[\"https:\\\/\\\/www.facebook.com\\\/InterboisAmbiance\",\"https:\\\/\\\/www.instagram.com\\\/interboisambiance\",\"https:\\\/\\\/www.linkedin.com\\\/company\\\/interbois-ambiance\\\/\"]}]}<\/script>\n<!-- \/ Yoast SEO Premium plugin. -->","yoast_head_json":{"title":"Fauteuil lounge CHLOE | INTERBOIS AMBIANCE","robots":{"index":"index","follow":"follow","max-snippet":"max-snippet:-1","max-image-preview":"max-image-preview:large","max-video-preview":"max-video-preview:-1"},"canonical":"https:\/\/ambiance.maisoninterbois.com\/en\/product\/fauteuil-lounge-chloe\/","og_locale":"en_US","og_type":"article","og_title":"Fauteuil lounge CHLOE","og_description":"Le fauteuil lounge Chloe, une fusion parfaite de confort et d'\u00e9l\u00e9gance contemporaine. Dot\u00e9 d'une assise capitonn\u00e9e en simili cuir de haute qualit\u00e9 et d'une structure en bois robuste, ce fauteuil offre un design sophistiqu\u00e9 qui s'int\u00e8gre harmonieusement \u00e0 tout int\u00e9rieur moderne.","og_url":"https:\/\/ambiance.maisoninterbois.com\/en\/product\/fauteuil-lounge-chloe\/","og_site_name":"INTERBOIS AMBIANCE","article_publisher":"https:\/\/www.facebook.com\/InterboisAmbiance","article_modified_time":"2026-01-24T11:58:42+00:00","og_image":[{"width":1080,"height":1080,"url":"https:\/\/ambiance.maisoninterbois.com\/wp-content\/uploads\/2024\/11\/88.png","type":"image\/png"}],"twitter_card":"summary_large_image","twitter_misc":{"Est. reading time":"1 minute"},"schema":{"@context":"https:\/\/schema.org","@graph":[{"@type":"WebPage","@id":"https:\/\/ambiance.maisoninterbois.com\/product\/fauteuil-lounge-chloe\/","url":"https:\/\/ambiance.maisoninterbois.com\/product\/fauteuil-lounge-chloe\/","name":"Fauteuil lounge CHLOE | INTERBOIS AMBIANCE","isPartOf":{"@id":"https:\/\/ambiance.maisoninterbois.com\/#website"},"primaryImageOfPage":{"@id":"https:\/\/ambiance.maisoninterbois.com\/product\/fauteuil-lounge-chloe\/#primaryimage"},"image":{"@id":"https:\/\/ambiance.maisoninterbois.com\/product\/fauteuil-lounge-chloe\/#primaryimage"},"thumbnailUrl":"https:\/\/ambiance.maisoninterbois.com\/wp-content\/uploads\/2024\/11\/88.png","datePublished":"2024-11-10T17:07:30+00:00","dateModified":"2026-01-24T11:58:42+00:00","breadcrumb":{"@id":"https:\/\/ambiance.maisoninterbois.com\/product\/fauteuil-lounge-chloe\/#breadcrumb"},"inLanguage":"en-US","potentialAction":[{"@type":"ReadAction","target":["https:\/\/ambiance.maisoninterbois.com\/product\/fauteuil-lounge-chloe\/"]}]},{"@type":"ImageObject","inLanguage":"en-US","@id":"https:\/\/ambiance.maisoninterbois.com\/product\/fauteuil-lounge-chloe\/#primaryimage","url":"https:\/\/ambiance.maisoninterbois.com\/wp-content\/uploads\/2024\/11\/88.png","contentUrl":"https:\/\/ambiance.maisoninterbois.com\/wp-content\/uploads\/2024\/11\/88.png","width":1080,"height":1080},{"@type":"BreadcrumbList","@id":"https:\/\/ambiance.maisoninterbois.com\/product\/fauteuil-lounge-chloe\/#breadcrumb","itemListElement":[{"@type":"ListItem","position":1,"name":"Accueil","item":"https:\/\/ambiance.maisoninterbois.com\/"},{"@type":"ListItem","position":2,"name":"Produits","item":"https:\/\/ambiance.maisoninterbois.com\/produits\/"},{"@type":"ListItem","position":3,"name":"Fauteuil lounge CHLOE"}]},{"@type":"WebSite","@id":"https:\/\/ambiance.maisoninterbois.com\/#website","url":"https:\/\/ambiance.maisoninterbois.com\/","name":"INTERBOIS AMBIANCE","description":"Qualit\u00e9 et confort pour un style in\u00e9gal\u00e9","publisher":{"@id":"https:\/\/ambiance.maisoninterbois.com\/#organization"},"potentialAction":[{"@type":"SearchAction","target":{"@type":"EntryPoint","urlTemplate":"https:\/\/ambiance.maisoninterbois.com\/?s={search_term_string}"},"query-input":{"@type":"PropertyValueSpecification","valueRequired":true,"valueName":"search_term_string"}}],"inLanguage":"en-US"},{"@type":"Organization","@id":"https:\/\/ambiance.maisoninterbois.com\/#organization","name":"Ambiance Interbois","url":"https:\/\/ambiance.maisoninterbois.com\/","logo":{"@type":"ImageObject","inLanguage":"en-US","@id":"https:\/\/ambiance.maisoninterbois.com\/#\/schema\/logo\/image\/","url":"https:\/\/ambiance.maisoninterbois.com\/wp-content\/uploads\/2024\/05\/Logo-interbois-Fond-clair.png","contentUrl":"https:\/\/ambiance.maisoninterbois.com\/wp-content\/uploads\/2024\/05\/Logo-interbois-Fond-clair.png","width":2560,"height":1440,"caption":"Ambiance Interbois"},"image":{"@id":"https:\/\/ambiance.maisoninterbois.com\/#\/schema\/logo\/image\/"},"sameAs":["https:\/\/www.facebook.com\/InterboisAmbiance","https:\/\/www.instagram.com\/interboisambiance","https:\/\/www.linkedin.com\/company\/interbois-ambiance\/"]}]}},"_links":{"self":[{"href":"https:\/\/ambiance.maisoninterbois.com\/en\/wp-json\/wp\/v2\/product\/1032","targetHints":{"allow":["GET"]}}],"collection":[{"href":"https:\/\/ambiance.maisoninterbois.com\/en\/wp-json\/wp\/v2\/product"}],"about":[{"href":"https:\/\/ambiance.maisoninterbois.com\/en\/wp-json\/wp\/v2\/types\/product"}],"wp:featuredmedia":[{"embeddable":true,"href":"https:\/\/ambiance.maisoninterbois.com\/en\/wp-json\/wp\/v2\/media\/1727"}],"wp:attachment":[{"href":"https:\/\/ambiance.maisoninterbois.com\/en\/wp-json\/wp\/v2\/media?parent=1032"}],"wp:term":[{"taxonomy":"product_brand","embeddable":true,"href":"https:\/\/ambiance.maisoninterbois.com\/en\/wp-json\/wp\/v2\/product_brand?post=1032"},{"taxonomy":"product_cat","embeddable":true,"href":"https:\/\/ambiance.maisoninterbois.com\/en\/wp-json\/wp\/v2\/product_cat?post=1032"},{"taxonomy":"product_tag","embeddable":true,"href":"https:\/\/ambiance.maisoninterbois.com\/en\/wp-json\/wp\/v2\/product_tag?post=1032"}],"curies":[{"name":"wp","href":"https:\/\/api.w.org\/{rel}","templated":true}]}}