{"id":240,"date":"2024-05-13T14:30:24","date_gmt":"2024-05-13T14:30:24","guid":{"rendered":"http:\/\/demo.uix.store\/sober-furniture\/?page_id=240"},"modified":"2025-04-10T13:54:29","modified_gmt":"2025-04-10T13:54:29","slug":"a-propos","status":"publish","type":"page","link":"https:\/\/ambiance.maisoninterbois.com\/en\/a-propos\/","title":{"rendered":"About us"},"content":{"rendered":"<div class=\"wpb-content-wrapper\"><div data-vc-full-width=\"true\" data-vc-full-width-init=\"false\" data-vc-stretch-content=\"true\" class=\"vc_row wpb_row vc_row-fluid vc_custom_1717779112725 vc_row-o-content-top vc_row-flex\"><div class=\"wpb_column vc_column_container vc_col-sm-8 vc_col-lg-offset-2 vc_col-lg-8 vc_col-md-offset-0 vc_col-md-12 vc_col-sm-offset-0\"><div class=\"vc_column-inner\"><div class=\"wpb_wrapper\"><h2 style=\"font-size: 50px;text-align: center\" class=\"vc_custom_heading vc_custom_1743758955752 text-center\" >Qui sommes-nous<\/h2>\n\t<div class=\"wpb_text_column wpb_content_element vc_custom_1720620015788\" >\n\t\t<div class=\"wpb_wrapper\">\n\t\t\t<p style=\"text-align: center;\">Depuis quinze ans, Interbois Ambiance fa\u00e7onne des espaces de vie uniques en alliant tradition et innovation. Notre entreprise se sp\u00e9cialise dans la fourniture de meubles d&rsquo;ext\u00e9rieur et d&rsquo;int\u00e9rieur, de rev\u00eatements int\u00e9rieurs \u00e9l\u00e9gants, et de decking durable pour les sols et fa\u00e7ades ext\u00e9rieures.<br \/>\nChez Interbois Ambiance, chaque projet est une aventure. Nous travaillons en \u00e9troite collaboration avec nos clients pour transformer leurs visions en r\u00e9alit\u00e9, cr\u00e9ant des espaces o\u00f9 il fait bon vivre.<\/p>\n\n\t\t<\/div>\n\t<\/div>\n<\/div><\/div><\/div><\/div><div class=\"vc_row-full-width vc_clearfix\"><\/div><div id=\"showroom\" data-vc-full-width=\"true\" data-vc-full-width-init=\"false\" class=\"vc_row wpb_row vc_row-fluid vc_custom_1717971951826 vc_row-has-fill\"><div class=\"wpb_column vc_column_container vc_col-sm-6 vc_col-has-fill\"><div class=\"vc_column-inner vc_custom_1737015101104\"><div class=\"wpb_wrapper\"><h2 style=\"font-size: 50px;text-align: justify\" class=\"vc_custom_heading vc_custom_1743758359611 text-justify\" >Showroom<\/h2>\n\t<div class=\"wpb_text_column wpb_content_element\" >\n\t\t<div class=\"wpb_wrapper\">\n\t\t\t<p class=\"\" data-start=\"143\" data-end=\"412\">Pour d\u00e9couvrir nos produits de plus pr\u00e8s, nous vous accueillons dans nos deux showrooms, o\u00f9 vous pourrez appr\u00e9cier la qualit\u00e9 et le design de nos collections. Nos conseillers sur place sont \u00e0 votre disposition pour vous accompagner et r\u00e9pondre \u00e0 toutes vos questions.<\/p>\n<p data-start=\"414\" data-end=\"534\"><strong data-start=\"414\" data-end=\"431\">Adresse Tunis<\/strong><br data-start=\"431\" data-end=\"434\" \/><span style=\"color: #000000;\">1, impasse de l&rsquo;\u00c9nergie Solaire n\u00b02, Rue de l&rsquo;\u00c9nergie Solaire<\/span><br data-start=\"495\" data-end=\"498\" \/><span style=\"color: #000000;\">Z.I. La Charguia 1, Tunis, 2035 Tunisie<\/span><\/p>\n<p class=\"\" data-start=\"536\" data-end=\"575\"><strong data-start=\"536\" data-end=\"555\">T\u00e9l\u00e9phone Tunis<\/strong><br data-start=\"555\" data-end=\"558\" \/><span style=\"color: #000000;\">+216 71 206 100<\/span><\/p>\n<p class=\"\" data-start=\"577\" data-end=\"627\"><strong data-start=\"577\" data-end=\"593\">E-mail Tunis<\/strong><br data-start=\"593\" data-end=\"596\" \/><a class=\"cursor-pointer\" rel=\"noopener\" data-start=\"596\" data-end=\"625\">contact@interboisambiance.com<\/a><\/p>\n<p class=\"\" data-start=\"629\" data-end=\"696\"><strong data-start=\"629\" data-end=\"649\">Adresse Hammamet<\/strong><br data-start=\"649\" data-end=\"652\" \/><span style=\"color: #000000;\">Avenue des Nations Unies, Immeuble Haddad 2 Hammamet 8050\u00a0<\/span><\/p>\n<p class=\"\" data-start=\"698\" data-end=\"773\"><strong data-start=\"698\" data-end=\"720\">T\u00e9l\u00e9phone Hammamet<\/strong><br data-start=\"720\" data-end=\"723\" \/><span style=\"color: #000000;\">+216 29 717 891\/ +216 51 266 461<\/span><\/p>\n<p class=\"\" data-start=\"775\" data-end=\"841\"><strong data-start=\"775\" data-end=\"794\">E-mail Hammamet<\/strong><br data-start=\"794\" data-end=\"797\" \/><span style=\"color: #000000;\">contact.hammamet@interbois.com.tn<\/span><\/p>\n\n\t\t<\/div>\n\t<\/div>\n<\/div><\/div><\/div><div class=\"wpb_column vc_column_container vc_col-sm-6\"><div class=\"vc_column-inner\"><div class=\"wpb_wrapper\"><div class=\"wpb_images_carousel wpb_content_element vc_clearfix wpb_content_element\"><div class=\"wpb_wrapper\"><div id=\"vc_images-carousel-1-1777116961\" data-ride=\"vc_carousel\" data-wrap=\"true\" style=\"width: 100%;\" data-interval=\"2000\" data-auto-height=\"yes\" data-mode=\"horizontal\" data-partial=\"false\" data-per-view=\"1\" data-hide-on-end=\"false\" class=\"vc_slide vc_images_carousel\"><div class=\"vc_carousel-inner\"><div class=\"vc_carousel-slideline\"><div class=\"vc_carousel-slideline-inner\"><div class=\"vc_item\"><div class=\"vc_inner\"><a class=\"\" href=\"https:\/\/ambiance.maisoninterbois.com\/wp-content\/uploads\/2025\/01\/IMG_8235-683x1024.jpg\" data-lightbox=\"lightbox[rel-240-2142745394]\"><img loading=\"lazy\" decoding=\"async\" width=\"1707\" height=\"2560\" src=\"https:\/\/ambiance.maisoninterbois.com\/wp-content\/uploads\/2025\/01\/IMG_8235-scaled.jpg\" class=\"attachment-full\" alt=\"\" title=\"IMG_8235\" srcset=\"https:\/\/ambiance.maisoninterbois.com\/wp-content\/uploads\/2025\/01\/IMG_8235-scaled.jpg 1707w, https:\/\/ambiance.maisoninterbois.com\/wp-content\/uploads\/2025\/01\/IMG_8235-200x300.jpg 200w, https:\/\/ambiance.maisoninterbois.com\/wp-content\/uploads\/2025\/01\/IMG_8235-683x1024.jpg 683w, https:\/\/ambiance.maisoninterbois.com\/wp-content\/uploads\/2025\/01\/IMG_8235-768x1152.jpg 768w, https:\/\/ambiance.maisoninterbois.com\/wp-content\/uploads\/2025\/01\/IMG_8235-1024x1536.jpg 1024w, https:\/\/ambiance.maisoninterbois.com\/wp-content\/uploads\/2025\/01\/IMG_8235-1365x2048.jpg 1365w, https:\/\/ambiance.maisoninterbois.com\/wp-content\/uploads\/2025\/01\/IMG_8235-937x1406.jpg 937w\" sizes=\"auto, (max-width: 1707px) 100vw, 1707px\" \/><\/a><\/div><\/div><div class=\"vc_item\"><div class=\"vc_inner\"><a class=\"\" href=\"https:\/\/ambiance.maisoninterbois.com\/wp-content\/uploads\/2025\/04\/Design-sans-titre-6-683x1024.png\" data-lightbox=\"lightbox[rel-240-2142745394]\"><img loading=\"lazy\" decoding=\"async\" width=\"1707\" height=\"2560\" src=\"https:\/\/ambiance.maisoninterbois.com\/wp-content\/uploads\/2025\/04\/Design-sans-titre-6.png\" class=\"attachment-full\" alt=\"\" title=\"Design sans titre (6)\" srcset=\"https:\/\/ambiance.maisoninterbois.com\/wp-content\/uploads\/2025\/04\/Design-sans-titre-6.png 1707w, https:\/\/ambiance.maisoninterbois.com\/wp-content\/uploads\/2025\/04\/Design-sans-titre-6-200x300.png 200w, https:\/\/ambiance.maisoninterbois.com\/wp-content\/uploads\/2025\/04\/Design-sans-titre-6-683x1024.png 683w, https:\/\/ambiance.maisoninterbois.com\/wp-content\/uploads\/2025\/04\/Design-sans-titre-6-768x1152.png 768w, https:\/\/ambiance.maisoninterbois.com\/wp-content\/uploads\/2025\/04\/Design-sans-titre-6-1024x1536.png 1024w, https:\/\/ambiance.maisoninterbois.com\/wp-content\/uploads\/2025\/04\/Design-sans-titre-6-1366x2048.png 1366w, https:\/\/ambiance.maisoninterbois.com\/wp-content\/uploads\/2025\/04\/Design-sans-titre-6-937x1405.png 937w\" sizes=\"auto, (max-width: 1707px) 100vw, 1707px\" \/><\/a><\/div><\/div><div class=\"vc_item\"><div class=\"vc_inner\"><a class=\"\" href=\"https:\/\/ambiance.maisoninterbois.com\/wp-content\/uploads\/2025\/01\/IMG_8548-683x1024.jpg\" data-lightbox=\"lightbox[rel-240-2142745394]\"><img loading=\"lazy\" decoding=\"async\" width=\"1707\" height=\"2560\" src=\"https:\/\/ambiance.maisoninterbois.com\/wp-content\/uploads\/2025\/01\/IMG_8548-scaled.jpg\" class=\"attachment-full\" alt=\"\" title=\"IMG_8548\" srcset=\"https:\/\/ambiance.maisoninterbois.com\/wp-content\/uploads\/2025\/01\/IMG_8548-scaled.jpg 1707w, https:\/\/ambiance.maisoninterbois.com\/wp-content\/uploads\/2025\/01\/IMG_8548-200x300.jpg 200w, https:\/\/ambiance.maisoninterbois.com\/wp-content\/uploads\/2025\/01\/IMG_8548-683x1024.jpg 683w, https:\/\/ambiance.maisoninterbois.com\/wp-content\/uploads\/2025\/01\/IMG_8548-768x1152.jpg 768w, https:\/\/ambiance.maisoninterbois.com\/wp-content\/uploads\/2025\/01\/IMG_8548-1024x1536.jpg 1024w, https:\/\/ambiance.maisoninterbois.com\/wp-content\/uploads\/2025\/01\/IMG_8548-1365x2048.jpg 1365w, https:\/\/ambiance.maisoninterbois.com\/wp-content\/uploads\/2025\/01\/IMG_8548-937x1406.jpg 937w\" sizes=\"auto, (max-width: 1707px) 100vw, 1707px\" \/><\/a><\/div><\/div><div class=\"vc_item\"><div class=\"vc_inner\"><a class=\"\" href=\"https:\/\/ambiance.maisoninterbois.com\/wp-content\/uploads\/2025\/01\/IMG_8584-683x1024.jpg\" data-lightbox=\"lightbox[rel-240-2142745394]\"><img loading=\"lazy\" decoding=\"async\" width=\"1707\" height=\"2560\" src=\"https:\/\/ambiance.maisoninterbois.com\/wp-content\/uploads\/2025\/01\/IMG_8584-scaled.jpg\" class=\"attachment-full\" alt=\"\" title=\"IMG_8584\" srcset=\"https:\/\/ambiance.maisoninterbois.com\/wp-content\/uploads\/2025\/01\/IMG_8584-scaled.jpg 1707w, https:\/\/ambiance.maisoninterbois.com\/wp-content\/uploads\/2025\/01\/IMG_8584-200x300.jpg 200w, https:\/\/ambiance.maisoninterbois.com\/wp-content\/uploads\/2025\/01\/IMG_8584-683x1024.jpg 683w, https:\/\/ambiance.maisoninterbois.com\/wp-content\/uploads\/2025\/01\/IMG_8584-768x1152.jpg 768w, https:\/\/ambiance.maisoninterbois.com\/wp-content\/uploads\/2025\/01\/IMG_8584-1024x1536.jpg 1024w, https:\/\/ambiance.maisoninterbois.com\/wp-content\/uploads\/2025\/01\/IMG_8584-1365x2048.jpg 1365w, https:\/\/ambiance.maisoninterbois.com\/wp-content\/uploads\/2025\/01\/IMG_8584-937x1406.jpg 937w\" sizes=\"auto, (max-width: 1707px) 100vw, 1707px\" \/><\/a><\/div><\/div><div class=\"vc_item\"><div class=\"vc_inner\"><a class=\"\" href=\"https:\/\/ambiance.maisoninterbois.com\/wp-content\/uploads\/2025\/01\/IMG_8716-683x1024.jpg\" data-lightbox=\"lightbox[rel-240-2142745394]\"><img loading=\"lazy\" decoding=\"async\" width=\"1707\" height=\"2560\" src=\"https:\/\/ambiance.maisoninterbois.com\/wp-content\/uploads\/2025\/01\/IMG_8716-scaled.jpg\" class=\"attachment-full\" alt=\"\" title=\"IMG_8716\" srcset=\"https:\/\/ambiance.maisoninterbois.com\/wp-content\/uploads\/2025\/01\/IMG_8716-scaled.jpg 1707w, https:\/\/ambiance.maisoninterbois.com\/wp-content\/uploads\/2025\/01\/IMG_8716-200x300.jpg 200w, https:\/\/ambiance.maisoninterbois.com\/wp-content\/uploads\/2025\/01\/IMG_8716-683x1024.jpg 683w, https:\/\/ambiance.maisoninterbois.com\/wp-content\/uploads\/2025\/01\/IMG_8716-768x1152.jpg 768w, https:\/\/ambiance.maisoninterbois.com\/wp-content\/uploads\/2025\/01\/IMG_8716-1024x1536.jpg 1024w, https:\/\/ambiance.maisoninterbois.com\/wp-content\/uploads\/2025\/01\/IMG_8716-1365x2048.jpg 1365w, https:\/\/ambiance.maisoninterbois.com\/wp-content\/uploads\/2025\/01\/IMG_8716-937x1406.jpg 937w\" sizes=\"auto, (max-width: 1707px) 100vw, 1707px\" \/><\/a><\/div><\/div><\/div><\/div><\/div><\/div><\/div><\/div><\/div><\/div><\/div><\/div><div class=\"vc_row-full-width vc_clearfix\"><\/div><div data-vc-full-width=\"true\" data-vc-full-width-init=\"false\" data-vc-stretch-content=\"true\" class=\"vc_row wpb_row vc_row-fluid vc_custom_1717779331314\"><div class=\"wpb_column vc_column_container vc_col-sm-12\"><div class=\"vc_column-inner\"><div class=\"wpb_wrapper\"><h2 style=\"font-size: 40px;text-align: center\" class=\"vc_custom_heading vc_custom_1720620285064 text-center\" >Gamme de produits et qualit\u00e9<\/h2><\/div><\/div><\/div><\/div><div class=\"vc_row-full-width vc_clearfix\"><\/div><div data-vc-full-width=\"true\" data-vc-full-width-init=\"false\" class=\"vc_row wpb_row vc_row-fluid vc_custom_1717779341686\"><div class=\"wpb_column vc_column_container vc_col-sm-4\"><div class=\"vc_column-inner\"><div class=\"wpb_wrapper\"><div class=\"sober-icon-box icon-type-external_link icon-style-normal  small-title\">\n\t\t\t\t<div class=\"box-icon\"><img decoding=\"async\" alt=\"Qualit\u00e9 et Durabilit\u00e9\" src=\"https:\/\/ik.imagekit.io\/vn49p9jmnnv7g\/sober\/ship_5G2tRm-g2DW.svg\"><\/div>\n\t\t\t\t<h3 class=\"box-title\">Qualit\u00e9 et Durabilit\u00e9<\/h3>\n\t\t\t\t<div class=\"box-content\">Nous s\u00e9lectionnons les meilleurs mat\u00e9riaux pour assurer la long\u00e9vit\u00e9 et l&rsquo;esth\u00e9tique de nos produits. Chaque pi\u00e8ce est con\u00e7ue avec soin, m\u00ealant artisanat et technologies modernes.<\/div>\n\t\t\t<\/div><\/div><\/div><\/div><div class=\"wpb_column vc_column_container vc_col-sm-4\"><div class=\"vc_column-inner\"><div class=\"wpb_wrapper\"><div class=\"sober-icon-box icon-type-external_link icon-style-normal  small-title\">\n\t\t\t\t<div class=\"box-icon\"><img decoding=\"async\" alt=\"Innovation et Design\" src=\"https:\/\/ik.imagekit.io\/vn49p9jmnnv7g\/sober\/money_MsAc-03ScT.svg\"><\/div>\n\t\t\t\t<h3 class=\"box-title\">Innovation et Design<\/h3>\n\t\t\t\t<div class=\"box-content\">Nous suivons de pr\u00e8s les derni\u00e8res tendances et innovations en mati\u00e8re de design pour offrir \u00e0 nos clients des produits \u00e0 la fois modernes et fonctionnels. Chaque s\u00e9lection refl\u00e8te notre engagement \u00e0 marier une esth\u00e9tique contemporaine et pratique.<\/div>\n\t\t\t<\/div><\/div><\/div><\/div><div class=\"wpb_column vc_column_container vc_col-sm-4\"><div class=\"vc_column-inner\"><div class=\"wpb_wrapper\"><div class=\"sober-icon-box icon-type-external_link icon-style-normal  small-title\">\n\t\t\t\t<div class=\"box-icon\"><img decoding=\"async\" alt=\"Service Client Personnalis\u00e9\" src=\"https:\/\/ik.imagekit.io\/vn49p9jmnnv7g\/sober\/technology_I_uE6rzlf.svg\"><\/div>\n\t\t\t\t<h3 class=\"box-title\">Service Client Personnalis\u00e9<\/h3>\n\t\t\t\t<div class=\"box-content\">Nous mettons un point d&rsquo;honneur \u00e0 offrir un service apr\u00e8s-vente exceptionnel. Notre \u00e9quipe d\u00e9di\u00e9e est toujours disponible pour accompagner nos clients dans leurs choix, leur fournir des conseils avis\u00e9s, et s&rsquo;assurer de leur satisfaction totale.<\/div>\n\t\t\t<\/div><\/div><\/div><\/div><\/div><div class=\"vc_row-full-width vc_clearfix\"><\/div>\n<\/div>","protected":false},"excerpt":{"rendered":"Qui sommes-nous Depuis quinze ans, Interbois Ambiance fa\u00e7onne des espaces de vie uniques en alliant tradition et innovation. Notre entreprise se sp\u00e9cialise dans la fourniture de meubles d'ext\u00e9rieur et d'int\u00e9rieur,&hellip;","protected":false},"author":1,"featured_media":0,"parent":0,"menu_order":0,"comment_status":"closed","ping_status":"closed","template":"","meta":{"footnotes":""},"class_list":["post-240","page","type-page","status-publish","hentry"],"yoast_head":"<!-- This site is optimized with the Yoast SEO Premium plugin v26.3 (Yoast SEO v27.4) - https:\/\/yoast.com\/product\/yoast-seo-premium-wordpress\/ -->\n<title>\u00c0 propos | INTERBOIS AMBIANCE<\/title>\n<meta name=\"robots\" content=\"index, follow, max-snippet:-1, max-image-preview:large, max-video-preview:-1\" \/>\n<link rel=\"canonical\" href=\"https:\/\/ambiance.maisoninterbois.com\/en\/a-propos\/\" \/>\n<meta property=\"og:locale\" content=\"en_US\" \/>\n<meta property=\"og:type\" content=\"article\" \/>\n<meta property=\"og:title\" content=\"\u00c0 propos\" \/>\n<meta property=\"og:url\" content=\"https:\/\/ambiance.maisoninterbois.com\/en\/a-propos\/\" \/>\n<meta property=\"og:site_name\" content=\"INTERBOIS AMBIANCE\" \/>\n<meta property=\"article:publisher\" content=\"https:\/\/www.facebook.com\/InterboisAmbiance\" \/>\n<meta property=\"article:modified_time\" content=\"2025-04-10T13:54:29+00:00\" \/>\n<meta property=\"og:image\" content=\"https:\/\/ambiance.maisoninterbois.com\/wp-content\/uploads\/2024\/05\/Logo-interbois-Fond-clair.png\" \/>\n\t<meta property=\"og:image:width\" content=\"2560\" \/>\n\t<meta property=\"og:image:height\" content=\"1440\" \/>\n\t<meta property=\"og:image:type\" content=\"image\/png\" \/>\n<meta name=\"twitter:card\" content=\"summary_large_image\" \/>\n<meta name=\"twitter:label1\" content=\"Est. reading time\" \/>\n\t<meta name=\"twitter:data1\" content=\"3 minutes\" \/>\n<script type=\"application\/ld+json\" class=\"yoast-schema-graph\">{\"@context\":\"https:\\\/\\\/schema.org\",\"@graph\":[{\"@type\":\"WebPage\",\"@id\":\"https:\\\/\\\/ambiance.maisoninterbois.com\\\/a-propos\\\/\",\"url\":\"https:\\\/\\\/ambiance.maisoninterbois.com\\\/a-propos\\\/\",\"name\":\"\u00c0 propos | INTERBOIS AMBIANCE\",\"isPartOf\":{\"@id\":\"https:\\\/\\\/ambiance.maisoninterbois.com\\\/#website\"},\"datePublished\":\"2024-05-13T14:30:24+00:00\",\"dateModified\":\"2025-04-10T13:54:29+00:00\",\"breadcrumb\":{\"@id\":\"https:\\\/\\\/ambiance.maisoninterbois.com\\\/a-propos\\\/#breadcrumb\"},\"inLanguage\":\"en-US\",\"potentialAction\":[{\"@type\":\"ReadAction\",\"target\":[\"https:\\\/\\\/ambiance.maisoninterbois.com\\\/a-propos\\\/\"]}]},{\"@type\":\"BreadcrumbList\",\"@id\":\"https:\\\/\\\/ambiance.maisoninterbois.com\\\/a-propos\\\/#breadcrumb\",\"itemListElement\":[{\"@type\":\"ListItem\",\"position\":1,\"name\":\"Accueil\",\"item\":\"https:\\\/\\\/ambiance.maisoninterbois.com\\\/\"},{\"@type\":\"ListItem\",\"position\":2,\"name\":\"\u00c0 propos\"}]},{\"@type\":\"WebSite\",\"@id\":\"https:\\\/\\\/ambiance.maisoninterbois.com\\\/#website\",\"url\":\"https:\\\/\\\/ambiance.maisoninterbois.com\\\/\",\"name\":\"INTERBOIS AMBIANCE\",\"description\":\"Qualit\u00e9 et confort pour un style in\u00e9gal\u00e9\",\"publisher\":{\"@id\":\"https:\\\/\\\/ambiance.maisoninterbois.com\\\/#organization\"},\"potentialAction\":[{\"@type\":\"SearchAction\",\"target\":{\"@type\":\"EntryPoint\",\"urlTemplate\":\"https:\\\/\\\/ambiance.maisoninterbois.com\\\/?s={search_term_string}\"},\"query-input\":{\"@type\":\"PropertyValueSpecification\",\"valueRequired\":true,\"valueName\":\"search_term_string\"}}],\"inLanguage\":\"en-US\"},{\"@type\":\"Organization\",\"@id\":\"https:\\\/\\\/ambiance.maisoninterbois.com\\\/#organization\",\"name\":\"Ambiance Interbois\",\"url\":\"https:\\\/\\\/ambiance.maisoninterbois.com\\\/\",\"logo\":{\"@type\":\"ImageObject\",\"inLanguage\":\"en-US\",\"@id\":\"https:\\\/\\\/ambiance.maisoninterbois.com\\\/#\\\/schema\\\/logo\\\/image\\\/\",\"url\":\"https:\\\/\\\/ambiance.maisoninterbois.com\\\/wp-content\\\/uploads\\\/2024\\\/05\\\/Logo-interbois-Fond-clair.png\",\"contentUrl\":\"https:\\\/\\\/ambiance.maisoninterbois.com\\\/wp-content\\\/uploads\\\/2024\\\/05\\\/Logo-interbois-Fond-clair.png\",\"width\":2560,\"height\":1440,\"caption\":\"Ambiance Interbois\"},\"image\":{\"@id\":\"https:\\\/\\\/ambiance.maisoninterbois.com\\\/#\\\/schema\\\/logo\\\/image\\\/\"},\"sameAs\":[\"https:\\\/\\\/www.facebook.com\\\/InterboisAmbiance\",\"https:\\\/\\\/www.instagram.com\\\/interboisambiance\",\"https:\\\/\\\/www.linkedin.com\\\/company\\\/interbois-ambiance\\\/\"]}]}<\/script>\n<!-- \/ Yoast SEO Premium plugin. -->","yoast_head_json":{"title":"\u00c0 propos | INTERBOIS AMBIANCE","robots":{"index":"index","follow":"follow","max-snippet":"max-snippet:-1","max-image-preview":"max-image-preview:large","max-video-preview":"max-video-preview:-1"},"canonical":"https:\/\/ambiance.maisoninterbois.com\/en\/a-propos\/","og_locale":"en_US","og_type":"article","og_title":"\u00c0 propos","og_url":"https:\/\/ambiance.maisoninterbois.com\/en\/a-propos\/","og_site_name":"INTERBOIS AMBIANCE","article_publisher":"https:\/\/www.facebook.com\/InterboisAmbiance","article_modified_time":"2025-04-10T13:54:29+00:00","og_image":[{"width":2560,"height":1440,"url":"https:\/\/ambiance.maisoninterbois.com\/wp-content\/uploads\/2024\/05\/Logo-interbois-Fond-clair.png","type":"image\/png"}],"twitter_card":"summary_large_image","twitter_misc":{"Est. reading time":"3 minutes"},"schema":{"@context":"https:\/\/schema.org","@graph":[{"@type":"WebPage","@id":"https:\/\/ambiance.maisoninterbois.com\/a-propos\/","url":"https:\/\/ambiance.maisoninterbois.com\/a-propos\/","name":"\u00c0 propos | INTERBOIS AMBIANCE","isPartOf":{"@id":"https:\/\/ambiance.maisoninterbois.com\/#website"},"datePublished":"2024-05-13T14:30:24+00:00","dateModified":"2025-04-10T13:54:29+00:00","breadcrumb":{"@id":"https:\/\/ambiance.maisoninterbois.com\/a-propos\/#breadcrumb"},"inLanguage":"en-US","potentialAction":[{"@type":"ReadAction","target":["https:\/\/ambiance.maisoninterbois.com\/a-propos\/"]}]},{"@type":"BreadcrumbList","@id":"https:\/\/ambiance.maisoninterbois.com\/a-propos\/#breadcrumb","itemListElement":[{"@type":"ListItem","position":1,"name":"Accueil","item":"https:\/\/ambiance.maisoninterbois.com\/"},{"@type":"ListItem","position":2,"name":"\u00c0 propos"}]},{"@type":"WebSite","@id":"https:\/\/ambiance.maisoninterbois.com\/#website","url":"https:\/\/ambiance.maisoninterbois.com\/","name":"INTERBOIS AMBIANCE","description":"Qualit\u00e9 et confort pour un style in\u00e9gal\u00e9","publisher":{"@id":"https:\/\/ambiance.maisoninterbois.com\/#organization"},"potentialAction":[{"@type":"SearchAction","target":{"@type":"EntryPoint","urlTemplate":"https:\/\/ambiance.maisoninterbois.com\/?s={search_term_string}"},"query-input":{"@type":"PropertyValueSpecification","valueRequired":true,"valueName":"search_term_string"}}],"inLanguage":"en-US"},{"@type":"Organization","@id":"https:\/\/ambiance.maisoninterbois.com\/#organization","name":"Ambiance Interbois","url":"https:\/\/ambiance.maisoninterbois.com\/","logo":{"@type":"ImageObject","inLanguage":"en-US","@id":"https:\/\/ambiance.maisoninterbois.com\/#\/schema\/logo\/image\/","url":"https:\/\/ambiance.maisoninterbois.com\/wp-content\/uploads\/2024\/05\/Logo-interbois-Fond-clair.png","contentUrl":"https:\/\/ambiance.maisoninterbois.com\/wp-content\/uploads\/2024\/05\/Logo-interbois-Fond-clair.png","width":2560,"height":1440,"caption":"Ambiance Interbois"},"image":{"@id":"https:\/\/ambiance.maisoninterbois.com\/#\/schema\/logo\/image\/"},"sameAs":["https:\/\/www.facebook.com\/InterboisAmbiance","https:\/\/www.instagram.com\/interboisambiance","https:\/\/www.linkedin.com\/company\/interbois-ambiance\/"]}]}},"_links":{"self":[{"href":"https:\/\/ambiance.maisoninterbois.com\/en\/wp-json\/wp\/v2\/pages\/240","targetHints":{"allow":["GET"]}}],"collection":[{"href":"https:\/\/ambiance.maisoninterbois.com\/en\/wp-json\/wp\/v2\/pages"}],"about":[{"href":"https:\/\/ambiance.maisoninterbois.com\/en\/wp-json\/wp\/v2\/types\/page"}],"author":[{"embeddable":true,"href":"https:\/\/ambiance.maisoninterbois.com\/en\/wp-json\/wp\/v2\/users\/1"}],"replies":[{"embeddable":true,"href":"https:\/\/ambiance.maisoninterbois.com\/en\/wp-json\/wp\/v2\/comments?post=240"}],"version-history":[{"count":3,"href":"https:\/\/ambiance.maisoninterbois.com\/en\/wp-json\/wp\/v2\/pages\/240\/revisions"}],"predecessor-version":[{"id":2531,"href":"https:\/\/ambiance.maisoninterbois.com\/en\/wp-json\/wp\/v2\/pages\/240\/revisions\/2531"}],"wp:attachment":[{"href":"https:\/\/ambiance.maisoninterbois.com\/en\/wp-json\/wp\/v2\/media?parent=240"}],"curies":[{"name":"wp","href":"https:\/\/api.w.org\/{rel}","templated":true}]}}