{"id":3097,"date":"2025-12-16T08:51:33","date_gmt":"2025-12-16T08:51:33","guid":{"rendered":"https:\/\/ambiance.maisoninterbois.com\/?post_type=product&#038;p=3097"},"modified":"2025-12-16T09:06:16","modified_gmt":"2025-12-16T09:06:16","slug":"tabouret-isy","status":"publish","type":"product","link":"https:\/\/ambiance.maisoninterbois.com\/ar\/product\/tabouret-isy\/","title":{"rendered":"\u0645\u0642\u0639\u062f \u0625\u064a\u0633\u064a"},"content":{"rendered":"","protected":false},"excerpt":{"rendered":"<p>\u0645\u0642\u0639\u062f \u0625\u064a\u0633\u064a\u060c \u0627\u0644\u0645\u0635\u0646\u0648\u0639 \u0645\u0646 \u0627\u0644\u0628\u0648\u0644\u064a \u0643\u0627\u0631\u0628\u0648\u0646\u0627\u062a \u0627\u0644\u0634\u0641\u0627\u0641 \u0623\u0648 \u0627\u0644\u0645\u062f\u062e\u0646\u060c \u064a\u0636\u064a\u0641 \u0644\u0645\u0633\u0629 \u0639\u0635\u0631\u064a\u0629 \u0648\u0623\u0646\u064a\u0642\u0629 \u0625\u0644\u0649 \u0645\u0633\u0627\u062d\u0627\u062a\u0643. \u062e\u0641\u064a\u0641 \u0627\u0644\u0648\u0632\u0646\u060c \u0645\u062a\u064a\u0646 \u0648\u0633\u0647\u0644 \u0627\u0644\u0635\u064a\u0627\u0646\u0629\u060c \u064a\u062a\u0646\u0627\u0633\u0628 \u062a\u0645\u0627\u0645\u064b\u0627 \u0645\u0639 \u062c\u0645\u064a\u0639 \u0623\u0646\u0648\u0627\u0639 \u0627\u0644\u0628\u064a\u0626\u0627\u062a \u0645\u0639 \u062a\u0642\u062f\u064a\u0645 \u062a\u0635\u0645\u064a\u0645 \u0628\u0633\u064a\u0637 \u0648\u0631\u0627\u0642\u064a.<\/p>\n<p><a href=\"https:\/\/ambiance.maisoninterbois.com\/wp-content\/uploads\/2025\/12\/TABOURET-ISY.jpg\"><img loading=\"lazy\" decoding=\"async\" class=\"alignnone size-medium wp-image-3100\" src=\"https:\/\/ambiance.maisoninterbois.com\/wp-content\/uploads\/2025\/12\/TABOURET-ISY-300x300.jpg\" alt=\"\" width=\"300\" height=\"300\" srcset=\"https:\/\/ambiance.maisoninterbois.com\/wp-content\/uploads\/2025\/12\/TABOURET-ISY-300x300.jpg 300w, https:\/\/ambiance.maisoninterbois.com\/wp-content\/uploads\/2025\/12\/TABOURET-ISY-1024x1024.jpg 1024w, https:\/\/ambiance.maisoninterbois.com\/wp-content\/uploads\/2025\/12\/TABOURET-ISY-150x150.jpg 150w, https:\/\/ambiance.maisoninterbois.com\/wp-content\/uploads\/2025\/12\/TABOURET-ISY-768x768.jpg 768w, https:\/\/ambiance.maisoninterbois.com\/wp-content\/uploads\/2025\/12\/TABOURET-ISY-100x100.jpg 100w, https:\/\/ambiance.maisoninterbois.com\/wp-content\/uploads\/2025\/12\/TABOURET-ISY-433x433.jpg 433w, https:\/\/ambiance.maisoninterbois.com\/wp-content\/uploads\/2025\/12\/TABOURET-ISY-937x937.jpg 937w, https:\/\/ambiance.maisoninterbois.com\/wp-content\/uploads\/2025\/12\/TABOURET-ISY.jpg 1080w\" sizes=\"auto, (max-width: 300px) 100vw, 300px\" \/><\/a><\/p>\n<p>&nbsp;<\/p>\n<p>&nbsp;<\/p>","protected":false},"featured_media":3098,"template":"","meta":[],"product_brand":[],"product_cat":[58,62],"product_tag":[],"class_list":{"0":"post-3097","1":"product","2":"type-product","3":"status-publish","4":"has-post-thumbnail","6":"product_cat-collections-outdoor","7":"product_cat-tabouret-dexterieur","9":"first","10":"instock","11":"shipping-taxable","12":"purchasable","13":"product-type-simple","14":"layout-style-2","15":"col-md-4 col-sm-4 col-xs-6","16":"col-lg-3","17":"product-has-gallery","18":"product-style-addtocart"},"yoast_head":"<!-- This site is optimized with the Yoast SEO Premium plugin v26.3 (Yoast SEO v27.3) - https:\/\/yoast.com\/product\/yoast-seo-premium-wordpress\/ -->\n<title>Tabouret ISY | INTERBOIS AMBIANCE<\/title>\n<meta name=\"robots\" content=\"index, follow, max-snippet:-1, max-image-preview:large, max-video-preview:-1\" \/>\n<link rel=\"canonical\" href=\"https:\/\/ambiance.maisoninterbois.com\/ar\/product\/tabouret-isy\/\" \/>\n<meta property=\"og:locale\" content=\"ar_AR\" \/>\n<meta property=\"og:type\" content=\"article\" \/>\n<meta property=\"og:title\" content=\"Tabouret ISY\" \/>\n<meta property=\"og:description\" content=\"Le tabouret ISY en polycarbonate transparent ou fum\u00e9 apporte une touche moderne et \u00e9l\u00e9gante \u00e0 vos espaces. L\u00e9ger, r\u00e9sistant et facile \u00e0 entretenir, il s&#039;adapte parfaitement \u00e0 tous types d&#039;environnements, tout en offrant un design minimaliste et raffin\u00e9.    &nbsp;  &nbsp;\" \/>\n<meta property=\"og:url\" content=\"https:\/\/ambiance.maisoninterbois.com\/ar\/product\/tabouret-isy\/\" \/>\n<meta property=\"og:site_name\" content=\"INTERBOIS AMBIANCE\" \/>\n<meta property=\"article:publisher\" content=\"https:\/\/www.facebook.com\/InterboisAmbiance\" \/>\n<meta property=\"article:modified_time\" content=\"2025-12-16T09:06:16+00:00\" \/>\n<meta property=\"og:image\" content=\"https:\/\/ambiance.maisoninterbois.com\/wp-content\/uploads\/2025\/12\/10.png\" \/>\n\t<meta property=\"og:image:width\" content=\"1080\" \/>\n\t<meta property=\"og:image:height\" content=\"1080\" \/>\n\t<meta property=\"og:image:type\" content=\"image\/png\" \/>\n<meta name=\"twitter:card\" content=\"summary_large_image\" \/>\n<meta name=\"twitter:label1\" content=\"\u0648\u0642\u062a \u0627\u0644\u0642\u0631\u0627\u0621\u0629 \u0627\u0644\u0645\u064f\u0642\u062f\u0651\u0631\" \/>\n\t<meta name=\"twitter:data1\" content=\"\u062f\u0642\u064a\u0642\u0629 \u0648\u0627\u062d\u062f\u0629\" \/>\n<script type=\"application\/ld+json\" class=\"yoast-schema-graph\">{\"@context\":\"https:\\\/\\\/schema.org\",\"@graph\":[{\"@type\":\"WebPage\",\"@id\":\"https:\\\/\\\/ambiance.maisoninterbois.com\\\/product\\\/tabouret-isy\\\/\",\"url\":\"https:\\\/\\\/ambiance.maisoninterbois.com\\\/product\\\/tabouret-isy\\\/\",\"name\":\"Tabouret ISY | INTERBOIS AMBIANCE\",\"isPartOf\":{\"@id\":\"https:\\\/\\\/ambiance.maisoninterbois.com\\\/#website\"},\"primaryImageOfPage\":{\"@id\":\"https:\\\/\\\/ambiance.maisoninterbois.com\\\/product\\\/tabouret-isy\\\/#primaryimage\"},\"image\":{\"@id\":\"https:\\\/\\\/ambiance.maisoninterbois.com\\\/product\\\/tabouret-isy\\\/#primaryimage\"},\"thumbnailUrl\":\"https:\\\/\\\/ambiance.maisoninterbois.com\\\/wp-content\\\/uploads\\\/2025\\\/12\\\/10.png\",\"datePublished\":\"2025-12-16T08:51:33+00:00\",\"dateModified\":\"2025-12-16T09:06:16+00:00\",\"breadcrumb\":{\"@id\":\"https:\\\/\\\/ambiance.maisoninterbois.com\\\/product\\\/tabouret-isy\\\/#breadcrumb\"},\"inLanguage\":\"ar\",\"potentialAction\":[{\"@type\":\"ReadAction\",\"target\":[\"https:\\\/\\\/ambiance.maisoninterbois.com\\\/product\\\/tabouret-isy\\\/\"]}]},{\"@type\":\"ImageObject\",\"inLanguage\":\"ar\",\"@id\":\"https:\\\/\\\/ambiance.maisoninterbois.com\\\/product\\\/tabouret-isy\\\/#primaryimage\",\"url\":\"https:\\\/\\\/ambiance.maisoninterbois.com\\\/wp-content\\\/uploads\\\/2025\\\/12\\\/10.png\",\"contentUrl\":\"https:\\\/\\\/ambiance.maisoninterbois.com\\\/wp-content\\\/uploads\\\/2025\\\/12\\\/10.png\",\"width\":1080,\"height\":1080},{\"@type\":\"BreadcrumbList\",\"@id\":\"https:\\\/\\\/ambiance.maisoninterbois.com\\\/product\\\/tabouret-isy\\\/#breadcrumb\",\"itemListElement\":[{\"@type\":\"ListItem\",\"position\":1,\"name\":\"Accueil\",\"item\":\"https:\\\/\\\/ambiance.maisoninterbois.com\\\/\"},{\"@type\":\"ListItem\",\"position\":2,\"name\":\"Produits\",\"item\":\"https:\\\/\\\/ambiance.maisoninterbois.com\\\/produits\\\/\"},{\"@type\":\"ListItem\",\"position\":3,\"name\":\"Tabouret ISY\"}]},{\"@type\":\"WebSite\",\"@id\":\"https:\\\/\\\/ambiance.maisoninterbois.com\\\/#website\",\"url\":\"https:\\\/\\\/ambiance.maisoninterbois.com\\\/\",\"name\":\"INTERBOIS AMBIANCE\",\"description\":\"Qualit\u00e9 et confort pour un style in\u00e9gal\u00e9\",\"publisher\":{\"@id\":\"https:\\\/\\\/ambiance.maisoninterbois.com\\\/#organization\"},\"potentialAction\":[{\"@type\":\"SearchAction\",\"target\":{\"@type\":\"EntryPoint\",\"urlTemplate\":\"https:\\\/\\\/ambiance.maisoninterbois.com\\\/?s={search_term_string}\"},\"query-input\":{\"@type\":\"PropertyValueSpecification\",\"valueRequired\":true,\"valueName\":\"search_term_string\"}}],\"inLanguage\":\"ar\"},{\"@type\":\"Organization\",\"@id\":\"https:\\\/\\\/ambiance.maisoninterbois.com\\\/#organization\",\"name\":\"Ambiance Interbois\",\"url\":\"https:\\\/\\\/ambiance.maisoninterbois.com\\\/\",\"logo\":{\"@type\":\"ImageObject\",\"inLanguage\":\"ar\",\"@id\":\"https:\\\/\\\/ambiance.maisoninterbois.com\\\/#\\\/schema\\\/logo\\\/image\\\/\",\"url\":\"https:\\\/\\\/ambiance.maisoninterbois.com\\\/wp-content\\\/uploads\\\/2024\\\/05\\\/Logo-interbois-Fond-clair.png\",\"contentUrl\":\"https:\\\/\\\/ambiance.maisoninterbois.com\\\/wp-content\\\/uploads\\\/2024\\\/05\\\/Logo-interbois-Fond-clair.png\",\"width\":2560,\"height\":1440,\"caption\":\"Ambiance Interbois\"},\"image\":{\"@id\":\"https:\\\/\\\/ambiance.maisoninterbois.com\\\/#\\\/schema\\\/logo\\\/image\\\/\"},\"sameAs\":[\"https:\\\/\\\/www.facebook.com\\\/InterboisAmbiance\",\"https:\\\/\\\/www.instagram.com\\\/interboisambiance\",\"https:\\\/\\\/www.linkedin.com\\\/company\\\/interbois-ambiance\\\/\"]}]}<\/script>\n<!-- \/ Yoast SEO Premium plugin. -->","yoast_head_json":{"title":"Tabouret ISY | INTERBOIS AMBIANCE","robots":{"index":"index","follow":"follow","max-snippet":"max-snippet:-1","max-image-preview":"max-image-preview:large","max-video-preview":"max-video-preview:-1"},"canonical":"https:\/\/ambiance.maisoninterbois.com\/ar\/product\/tabouret-isy\/","og_locale":"ar_AR","og_type":"article","og_title":"Tabouret ISY","og_description":"Le tabouret ISY en polycarbonate transparent ou fum\u00e9 apporte une touche moderne et \u00e9l\u00e9gante \u00e0 vos espaces. L\u00e9ger, r\u00e9sistant et facile \u00e0 entretenir, il s'adapte parfaitement \u00e0 tous types d'environnements, tout en offrant un design minimaliste et raffin\u00e9.    &nbsp;  &nbsp;","og_url":"https:\/\/ambiance.maisoninterbois.com\/ar\/product\/tabouret-isy\/","og_site_name":"INTERBOIS AMBIANCE","article_publisher":"https:\/\/www.facebook.com\/InterboisAmbiance","article_modified_time":"2025-12-16T09:06:16+00:00","og_image":[{"width":1080,"height":1080,"url":"https:\/\/ambiance.maisoninterbois.com\/wp-content\/uploads\/2025\/12\/10.png","type":"image\/png"}],"twitter_card":"summary_large_image","twitter_misc":{"\u0648\u0642\u062a \u0627\u0644\u0642\u0631\u0627\u0621\u0629 \u0627\u0644\u0645\u064f\u0642\u062f\u0651\u0631":"\u062f\u0642\u064a\u0642\u0629 \u0648\u0627\u062d\u062f\u0629"},"schema":{"@context":"https:\/\/schema.org","@graph":[{"@type":"WebPage","@id":"https:\/\/ambiance.maisoninterbois.com\/product\/tabouret-isy\/","url":"https:\/\/ambiance.maisoninterbois.com\/product\/tabouret-isy\/","name":"Tabouret ISY | INTERBOIS AMBIANCE","isPartOf":{"@id":"https:\/\/ambiance.maisoninterbois.com\/#website"},"primaryImageOfPage":{"@id":"https:\/\/ambiance.maisoninterbois.com\/product\/tabouret-isy\/#primaryimage"},"image":{"@id":"https:\/\/ambiance.maisoninterbois.com\/product\/tabouret-isy\/#primaryimage"},"thumbnailUrl":"https:\/\/ambiance.maisoninterbois.com\/wp-content\/uploads\/2025\/12\/10.png","datePublished":"2025-12-16T08:51:33+00:00","dateModified":"2025-12-16T09:06:16+00:00","breadcrumb":{"@id":"https:\/\/ambiance.maisoninterbois.com\/product\/tabouret-isy\/#breadcrumb"},"inLanguage":"ar","potentialAction":[{"@type":"ReadAction","target":["https:\/\/ambiance.maisoninterbois.com\/product\/tabouret-isy\/"]}]},{"@type":"ImageObject","inLanguage":"ar","@id":"https:\/\/ambiance.maisoninterbois.com\/product\/tabouret-isy\/#primaryimage","url":"https:\/\/ambiance.maisoninterbois.com\/wp-content\/uploads\/2025\/12\/10.png","contentUrl":"https:\/\/ambiance.maisoninterbois.com\/wp-content\/uploads\/2025\/12\/10.png","width":1080,"height":1080},{"@type":"BreadcrumbList","@id":"https:\/\/ambiance.maisoninterbois.com\/product\/tabouret-isy\/#breadcrumb","itemListElement":[{"@type":"ListItem","position":1,"name":"Accueil","item":"https:\/\/ambiance.maisoninterbois.com\/"},{"@type":"ListItem","position":2,"name":"Produits","item":"https:\/\/ambiance.maisoninterbois.com\/produits\/"},{"@type":"ListItem","position":3,"name":"Tabouret ISY"}]},{"@type":"WebSite","@id":"https:\/\/ambiance.maisoninterbois.com\/#website","url":"https:\/\/ambiance.maisoninterbois.com\/","name":"INTERBOIS AMBIANCE","description":"Qualit\u00e9 et confort pour un style in\u00e9gal\u00e9","publisher":{"@id":"https:\/\/ambiance.maisoninterbois.com\/#organization"},"potentialAction":[{"@type":"SearchAction","target":{"@type":"EntryPoint","urlTemplate":"https:\/\/ambiance.maisoninterbois.com\/?s={search_term_string}"},"query-input":{"@type":"PropertyValueSpecification","valueRequired":true,"valueName":"search_term_string"}}],"inLanguage":"ar"},{"@type":"Organization","@id":"https:\/\/ambiance.maisoninterbois.com\/#organization","name":"Ambiance Interbois","url":"https:\/\/ambiance.maisoninterbois.com\/","logo":{"@type":"ImageObject","inLanguage":"ar","@id":"https:\/\/ambiance.maisoninterbois.com\/#\/schema\/logo\/image\/","url":"https:\/\/ambiance.maisoninterbois.com\/wp-content\/uploads\/2024\/05\/Logo-interbois-Fond-clair.png","contentUrl":"https:\/\/ambiance.maisoninterbois.com\/wp-content\/uploads\/2024\/05\/Logo-interbois-Fond-clair.png","width":2560,"height":1440,"caption":"Ambiance Interbois"},"image":{"@id":"https:\/\/ambiance.maisoninterbois.com\/#\/schema\/logo\/image\/"},"sameAs":["https:\/\/www.facebook.com\/InterboisAmbiance","https:\/\/www.instagram.com\/interboisambiance","https:\/\/www.linkedin.com\/company\/interbois-ambiance\/"]}]}},"_links":{"self":[{"href":"https:\/\/ambiance.maisoninterbois.com\/ar\/wp-json\/wp\/v2\/product\/3097","targetHints":{"allow":["GET"]}}],"collection":[{"href":"https:\/\/ambiance.maisoninterbois.com\/ar\/wp-json\/wp\/v2\/product"}],"about":[{"href":"https:\/\/ambiance.maisoninterbois.com\/ar\/wp-json\/wp\/v2\/types\/product"}],"wp:featuredmedia":[{"embeddable":true,"href":"https:\/\/ambiance.maisoninterbois.com\/ar\/wp-json\/wp\/v2\/media\/3098"}],"wp:attachment":[{"href":"https:\/\/ambiance.maisoninterbois.com\/ar\/wp-json\/wp\/v2\/media?parent=3097"}],"wp:term":[{"taxonomy":"product_brand","embeddable":true,"href":"https:\/\/ambiance.maisoninterbois.com\/ar\/wp-json\/wp\/v2\/product_brand?post=3097"},{"taxonomy":"product_cat","embeddable":true,"href":"https:\/\/ambiance.maisoninterbois.com\/ar\/wp-json\/wp\/v2\/product_cat?post=3097"},{"taxonomy":"product_tag","embeddable":true,"href":"https:\/\/ambiance.maisoninterbois.com\/ar\/wp-json\/wp\/v2\/product_tag?post=3097"}],"curies":[{"name":"wp","href":"https:\/\/api.w.org\/{rel}","templated":true}]}}