{"id":2870,"date":"2025-10-13T10:34:34","date_gmt":"2025-10-13T10:34:34","guid":{"rendered":"https:\/\/ambiance.maisoninterbois.com\/?post_type=product&#038;p=2870"},"modified":"2026-03-26T17:23:02","modified_gmt":"2026-03-26T17:23:02","slug":"console-dune","status":"publish","type":"product","link":"https:\/\/ambiance.maisoninterbois.com\/ar\/product\/console-dune\/","title":{"rendered":"\u0643\u0648\u0646\u0633\u0648\u0644 \u062f\u064a\u0648\u0646"},"content":{"rendered":"","protected":false},"excerpt":{"rendered":"<p>\u0647\u0630\u0627 \u0627\u0644\u0628\u0648\u0641\u064a\u0647 \u0627\u0644\u0637\u0648\u064a\u0644 \u0627\u0644\u0645\u0646\u062e\u0641\u0636 \u0647\u0648 \u0642\u0637\u0639\u0629 \u0641\u0646\u064a\u0629 \u0639\u0645\u0644\u064a\u0629. \u0648\u0627\u062c\u0647\u062a\u0647 \u0627\u0644\u0637\u0648\u064a\u0644\u0629 \u0627\u0644\u0628\u064a\u0636\u0627\u0621 \u0645\u0632\u064a\u0646\u0629 \u0628\u0646\u0645\u0637 \u0647\u0646\u062f\u0633\u064a \u0645\u0639\u0627\u0635\u0631 \u0628\u0627\u0631\u0632 \u0623\u0648 \u0645\u0637\u0628\u0648\u0639\u060c \u0645\u0645\u0627 \u064a\u062e\u0644\u0642 \u062c\u0645\u0627\u0644\u064a\u0629 \u062c\u0630\u0627\u0628\u0629. \u064a\u0648\u0641\u0631 \u0645\u0633\u0627\u062d\u0629 \u062a\u062e\u0632\u064a\u0646 \u0648\u0627\u0633\u0639\u0629 \u0645\u062e\u0641\u064a\u0629 \u062e\u0644\u0641 \u0623\u0628\u0648\u0627\u0628\u0647 \u0627\u0644\u0645\u062a\u0639\u062f\u062f\u0629 (\u0633\u062a\u0629 \u0625\u062c\u0645\u0627\u0644\u0627\u064b\u060c \u0645\u0639 \u062a\u0643\u0631\u0627\u0631 \u062b\u0644\u0627\u062b\u0629 \u0623\u0646\u0645\u0627\u0637). \u0627\u0644\u0623\u0631\u062c\u0644 \u0627\u0644\u0645\u062a\u0633\u0639\u0629 \u0648\u0627\u0644\u0631\u0641\u064a\u0639\u0629 \u062a\u0636\u064a\u0641 \u0644\u0645\u0633\u0629 \u0645\u0646 \u0627\u0644\u062e\u0641\u0629 \u0648\u0627\u0644\u0623\u0646\u0627\u0642\u0629. \u0645\u062b\u0627\u0644\u064a \u0644\u063a\u0631\u0641\u0629 \u0627\u0644\u0645\u0639\u064a\u0634\u0629 \u0623\u0648 \u063a\u0631\u0641\u0629 \u0627\u0644\u0637\u0639\u0627\u0645.<\/p>\n<p><a href=\"https:\/\/ambiance.maisoninterbois.com\/wp-content\/uploads\/2025\/10\/6-5.jpg\"><img loading=\"lazy\" decoding=\"async\" class=\"alignnone size-medium wp-image-2876\" src=\"https:\/\/ambiance.maisoninterbois.com\/wp-content\/uploads\/2025\/10\/6-5-300x300.jpg\" alt=\"\" width=\"300\" height=\"300\" srcset=\"https:\/\/ambiance.maisoninterbois.com\/wp-content\/uploads\/2025\/10\/6-5-300x300.jpg 300w, https:\/\/ambiance.maisoninterbois.com\/wp-content\/uploads\/2025\/10\/6-5-150x150.jpg 150w, https:\/\/ambiance.maisoninterbois.com\/wp-content\/uploads\/2025\/10\/6-5-100x100.jpg 100w, https:\/\/ambiance.maisoninterbois.com\/wp-content\/uploads\/2025\/10\/6-5-433x433.jpg 433w, https:\/\/ambiance.maisoninterbois.com\/wp-content\/uploads\/2025\/10\/6-5.jpg 750w\" sizes=\"auto, (max-width: 300px) 100vw, 300px\" \/><\/a><\/p>","protected":false},"featured_media":2871,"template":"","meta":[],"product_brand":[],"product_cat":[59,100],"product_tag":[],"class_list":{"0":"post-2870","1":"product","2":"type-product","3":"status-publish","4":"has-post-thumbnail","6":"product_cat-collections-indoor","7":"product_cat-meuble-en-kit","9":"first","10":"instock","11":"shipping-taxable","12":"purchasable","13":"product-type-simple","14":"layout-style-2","15":"col-md-4 col-sm-4 col-xs-6","16":"col-lg-3","17":"product-has-gallery","18":"product-style-addtocart"},"yoast_head":"<!-- This site is optimized with the Yoast SEO Premium plugin v26.3 (Yoast SEO v27.4) - https:\/\/yoast.com\/product\/yoast-seo-premium-wordpress\/ -->\n<title>Console DUNE | INTERBOIS AMBIANCE<\/title>\n<meta name=\"robots\" content=\"index, follow, max-snippet:-1, max-image-preview:large, max-video-preview:-1\" \/>\n<link rel=\"canonical\" href=\"https:\/\/ambiance.maisoninterbois.com\/ar\/product\/console-dune\/\" \/>\n<meta property=\"og:locale\" content=\"ar_AR\" \/>\n<meta property=\"og:type\" content=\"article\" \/>\n<meta property=\"og:title\" content=\"Console DUNE\" \/>\n<meta property=\"og:description\" content=\"Ce grand buffet bas est une \u0153uvre d&#039;art fonctionnelle. Sa longue fa\u00e7ade blanche est magnifi\u00e9e par un motif g\u00e9om\u00e9trique contemporain en relief ou s\u00e9rigraphi\u00e9, cr\u00e9ant une esth\u00e9tique captivante. Il offre un vaste espace de rangement dissimul\u00e9 derri\u00e8re ses multiples portes (six au total, trois motifs r\u00e9p\u00e9t\u00e9s). Les pieds \u00e9vas\u00e9s et fins assurent une touche de l\u00e9g\u00e8ret\u00e9 et d&#039;\u00e9l\u00e9gance. Parfait pour le salon ou la salle \u00e0 manger.\" \/>\n<meta property=\"og:url\" content=\"https:\/\/ambiance.maisoninterbois.com\/ar\/product\/console-dune\/\" \/>\n<meta property=\"og:site_name\" content=\"INTERBOIS AMBIANCE\" \/>\n<meta property=\"article:publisher\" content=\"https:\/\/www.facebook.com\/InterboisAmbiance\" \/>\n<meta property=\"article:modified_time\" content=\"2026-03-26T17:23:02+00:00\" \/>\n<meta property=\"og:image\" content=\"https:\/\/ambiance.maisoninterbois.com\/wp-content\/uploads\/2025\/10\/1-7.jpg\" \/>\n\t<meta property=\"og:image:width\" content=\"750\" \/>\n\t<meta property=\"og:image:height\" content=\"750\" \/>\n\t<meta property=\"og:image:type\" content=\"image\/jpeg\" \/>\n<meta name=\"twitter:card\" content=\"summary_large_image\" \/>\n<meta name=\"twitter:label1\" content=\"\u0648\u0642\u062a \u0627\u0644\u0642\u0631\u0627\u0621\u0629 \u0627\u0644\u0645\u064f\u0642\u062f\u0651\u0631\" \/>\n\t<meta name=\"twitter:data1\" content=\"\u062f\u0642\u064a\u0642\u0629 \u0648\u0627\u062d\u062f\u0629\" \/>\n<script type=\"application\/ld+json\" class=\"yoast-schema-graph\">{\"@context\":\"https:\\\/\\\/schema.org\",\"@graph\":[{\"@type\":\"WebPage\",\"@id\":\"https:\\\/\\\/ambiance.maisoninterbois.com\\\/product\\\/console-dune\\\/\",\"url\":\"https:\\\/\\\/ambiance.maisoninterbois.com\\\/product\\\/console-dune\\\/\",\"name\":\"Console DUNE | INTERBOIS AMBIANCE\",\"isPartOf\":{\"@id\":\"https:\\\/\\\/ambiance.maisoninterbois.com\\\/#website\"},\"primaryImageOfPage\":{\"@id\":\"https:\\\/\\\/ambiance.maisoninterbois.com\\\/product\\\/console-dune\\\/#primaryimage\"},\"image\":{\"@id\":\"https:\\\/\\\/ambiance.maisoninterbois.com\\\/product\\\/console-dune\\\/#primaryimage\"},\"thumbnailUrl\":\"https:\\\/\\\/ambiance.maisoninterbois.com\\\/wp-content\\\/uploads\\\/2025\\\/10\\\/1-7.jpg\",\"datePublished\":\"2025-10-13T10:34:34+00:00\",\"dateModified\":\"2026-03-26T17:23:02+00:00\",\"breadcrumb\":{\"@id\":\"https:\\\/\\\/ambiance.maisoninterbois.com\\\/product\\\/console-dune\\\/#breadcrumb\"},\"inLanguage\":\"ar\",\"potentialAction\":[{\"@type\":\"ReadAction\",\"target\":[\"https:\\\/\\\/ambiance.maisoninterbois.com\\\/product\\\/console-dune\\\/\"]}]},{\"@type\":\"ImageObject\",\"inLanguage\":\"ar\",\"@id\":\"https:\\\/\\\/ambiance.maisoninterbois.com\\\/product\\\/console-dune\\\/#primaryimage\",\"url\":\"https:\\\/\\\/ambiance.maisoninterbois.com\\\/wp-content\\\/uploads\\\/2025\\\/10\\\/1-7.jpg\",\"contentUrl\":\"https:\\\/\\\/ambiance.maisoninterbois.com\\\/wp-content\\\/uploads\\\/2025\\\/10\\\/1-7.jpg\",\"width\":750,\"height\":750},{\"@type\":\"BreadcrumbList\",\"@id\":\"https:\\\/\\\/ambiance.maisoninterbois.com\\\/product\\\/console-dune\\\/#breadcrumb\",\"itemListElement\":[{\"@type\":\"ListItem\",\"position\":1,\"name\":\"Accueil\",\"item\":\"https:\\\/\\\/ambiance.maisoninterbois.com\\\/\"},{\"@type\":\"ListItem\",\"position\":2,\"name\":\"Produits\",\"item\":\"https:\\\/\\\/ambiance.maisoninterbois.com\\\/produits\\\/\"},{\"@type\":\"ListItem\",\"position\":3,\"name\":\"Console DUNE\"}]},{\"@type\":\"WebSite\",\"@id\":\"https:\\\/\\\/ambiance.maisoninterbois.com\\\/#website\",\"url\":\"https:\\\/\\\/ambiance.maisoninterbois.com\\\/\",\"name\":\"INTERBOIS AMBIANCE\",\"description\":\"Qualit\u00e9 et confort pour un style in\u00e9gal\u00e9\",\"publisher\":{\"@id\":\"https:\\\/\\\/ambiance.maisoninterbois.com\\\/#organization\"},\"potentialAction\":[{\"@type\":\"SearchAction\",\"target\":{\"@type\":\"EntryPoint\",\"urlTemplate\":\"https:\\\/\\\/ambiance.maisoninterbois.com\\\/?s={search_term_string}\"},\"query-input\":{\"@type\":\"PropertyValueSpecification\",\"valueRequired\":true,\"valueName\":\"search_term_string\"}}],\"inLanguage\":\"ar\"},{\"@type\":\"Organization\",\"@id\":\"https:\\\/\\\/ambiance.maisoninterbois.com\\\/#organization\",\"name\":\"Ambiance Interbois\",\"url\":\"https:\\\/\\\/ambiance.maisoninterbois.com\\\/\",\"logo\":{\"@type\":\"ImageObject\",\"inLanguage\":\"ar\",\"@id\":\"https:\\\/\\\/ambiance.maisoninterbois.com\\\/#\\\/schema\\\/logo\\\/image\\\/\",\"url\":\"https:\\\/\\\/ambiance.maisoninterbois.com\\\/wp-content\\\/uploads\\\/2024\\\/05\\\/Logo-interbois-Fond-clair.png\",\"contentUrl\":\"https:\\\/\\\/ambiance.maisoninterbois.com\\\/wp-content\\\/uploads\\\/2024\\\/05\\\/Logo-interbois-Fond-clair.png\",\"width\":2560,\"height\":1440,\"caption\":\"Ambiance Interbois\"},\"image\":{\"@id\":\"https:\\\/\\\/ambiance.maisoninterbois.com\\\/#\\\/schema\\\/logo\\\/image\\\/\"},\"sameAs\":[\"https:\\\/\\\/www.facebook.com\\\/InterboisAmbiance\",\"https:\\\/\\\/www.instagram.com\\\/interboisambiance\",\"https:\\\/\\\/www.linkedin.com\\\/company\\\/interbois-ambiance\\\/\"]}]}<\/script>\n<!-- \/ Yoast SEO Premium plugin. -->","yoast_head_json":{"title":"Console DUNE | INTERBOIS AMBIANCE","robots":{"index":"index","follow":"follow","max-snippet":"max-snippet:-1","max-image-preview":"max-image-preview:large","max-video-preview":"max-video-preview:-1"},"canonical":"https:\/\/ambiance.maisoninterbois.com\/ar\/product\/console-dune\/","og_locale":"ar_AR","og_type":"article","og_title":"Console DUNE","og_description":"Ce grand buffet bas est une \u0153uvre d'art fonctionnelle. Sa longue fa\u00e7ade blanche est magnifi\u00e9e par un motif g\u00e9om\u00e9trique contemporain en relief ou s\u00e9rigraphi\u00e9, cr\u00e9ant une esth\u00e9tique captivante. Il offre un vaste espace de rangement dissimul\u00e9 derri\u00e8re ses multiples portes (six au total, trois motifs r\u00e9p\u00e9t\u00e9s). Les pieds \u00e9vas\u00e9s et fins assurent une touche de l\u00e9g\u00e8ret\u00e9 et d'\u00e9l\u00e9gance. Parfait pour le salon ou la salle \u00e0 manger.","og_url":"https:\/\/ambiance.maisoninterbois.com\/ar\/product\/console-dune\/","og_site_name":"INTERBOIS AMBIANCE","article_publisher":"https:\/\/www.facebook.com\/InterboisAmbiance","article_modified_time":"2026-03-26T17:23:02+00:00","og_image":[{"width":750,"height":750,"url":"https:\/\/ambiance.maisoninterbois.com\/wp-content\/uploads\/2025\/10\/1-7.jpg","type":"image\/jpeg"}],"twitter_card":"summary_large_image","twitter_misc":{"\u0648\u0642\u062a \u0627\u0644\u0642\u0631\u0627\u0621\u0629 \u0627\u0644\u0645\u064f\u0642\u062f\u0651\u0631":"\u062f\u0642\u064a\u0642\u0629 \u0648\u0627\u062d\u062f\u0629"},"schema":{"@context":"https:\/\/schema.org","@graph":[{"@type":"WebPage","@id":"https:\/\/ambiance.maisoninterbois.com\/product\/console-dune\/","url":"https:\/\/ambiance.maisoninterbois.com\/product\/console-dune\/","name":"Console DUNE | INTERBOIS AMBIANCE","isPartOf":{"@id":"https:\/\/ambiance.maisoninterbois.com\/#website"},"primaryImageOfPage":{"@id":"https:\/\/ambiance.maisoninterbois.com\/product\/console-dune\/#primaryimage"},"image":{"@id":"https:\/\/ambiance.maisoninterbois.com\/product\/console-dune\/#primaryimage"},"thumbnailUrl":"https:\/\/ambiance.maisoninterbois.com\/wp-content\/uploads\/2025\/10\/1-7.jpg","datePublished":"2025-10-13T10:34:34+00:00","dateModified":"2026-03-26T17:23:02+00:00","breadcrumb":{"@id":"https:\/\/ambiance.maisoninterbois.com\/product\/console-dune\/#breadcrumb"},"inLanguage":"ar","potentialAction":[{"@type":"ReadAction","target":["https:\/\/ambiance.maisoninterbois.com\/product\/console-dune\/"]}]},{"@type":"ImageObject","inLanguage":"ar","@id":"https:\/\/ambiance.maisoninterbois.com\/product\/console-dune\/#primaryimage","url":"https:\/\/ambiance.maisoninterbois.com\/wp-content\/uploads\/2025\/10\/1-7.jpg","contentUrl":"https:\/\/ambiance.maisoninterbois.com\/wp-content\/uploads\/2025\/10\/1-7.jpg","width":750,"height":750},{"@type":"BreadcrumbList","@id":"https:\/\/ambiance.maisoninterbois.com\/product\/console-dune\/#breadcrumb","itemListElement":[{"@type":"ListItem","position":1,"name":"Accueil","item":"https:\/\/ambiance.maisoninterbois.com\/"},{"@type":"ListItem","position":2,"name":"Produits","item":"https:\/\/ambiance.maisoninterbois.com\/produits\/"},{"@type":"ListItem","position":3,"name":"Console DUNE"}]},{"@type":"WebSite","@id":"https:\/\/ambiance.maisoninterbois.com\/#website","url":"https:\/\/ambiance.maisoninterbois.com\/","name":"INTERBOIS AMBIANCE","description":"Qualit\u00e9 et confort pour un style in\u00e9gal\u00e9","publisher":{"@id":"https:\/\/ambiance.maisoninterbois.com\/#organization"},"potentialAction":[{"@type":"SearchAction","target":{"@type":"EntryPoint","urlTemplate":"https:\/\/ambiance.maisoninterbois.com\/?s={search_term_string}"},"query-input":{"@type":"PropertyValueSpecification","valueRequired":true,"valueName":"search_term_string"}}],"inLanguage":"ar"},{"@type":"Organization","@id":"https:\/\/ambiance.maisoninterbois.com\/#organization","name":"Ambiance Interbois","url":"https:\/\/ambiance.maisoninterbois.com\/","logo":{"@type":"ImageObject","inLanguage":"ar","@id":"https:\/\/ambiance.maisoninterbois.com\/#\/schema\/logo\/image\/","url":"https:\/\/ambiance.maisoninterbois.com\/wp-content\/uploads\/2024\/05\/Logo-interbois-Fond-clair.png","contentUrl":"https:\/\/ambiance.maisoninterbois.com\/wp-content\/uploads\/2024\/05\/Logo-interbois-Fond-clair.png","width":2560,"height":1440,"caption":"Ambiance Interbois"},"image":{"@id":"https:\/\/ambiance.maisoninterbois.com\/#\/schema\/logo\/image\/"},"sameAs":["https:\/\/www.facebook.com\/InterboisAmbiance","https:\/\/www.instagram.com\/interboisambiance","https:\/\/www.linkedin.com\/company\/interbois-ambiance\/"]}]}},"_links":{"self":[{"href":"https:\/\/ambiance.maisoninterbois.com\/ar\/wp-json\/wp\/v2\/product\/2870","targetHints":{"allow":["GET"]}}],"collection":[{"href":"https:\/\/ambiance.maisoninterbois.com\/ar\/wp-json\/wp\/v2\/product"}],"about":[{"href":"https:\/\/ambiance.maisoninterbois.com\/ar\/wp-json\/wp\/v2\/types\/product"}],"wp:featuredmedia":[{"embeddable":true,"href":"https:\/\/ambiance.maisoninterbois.com\/ar\/wp-json\/wp\/v2\/media\/2871"}],"wp:attachment":[{"href":"https:\/\/ambiance.maisoninterbois.com\/ar\/wp-json\/wp\/v2\/media?parent=2870"}],"wp:term":[{"taxonomy":"product_brand","embeddable":true,"href":"https:\/\/ambiance.maisoninterbois.com\/ar\/wp-json\/wp\/v2\/product_brand?post=2870"},{"taxonomy":"product_cat","embeddable":true,"href":"https:\/\/ambiance.maisoninterbois.com\/ar\/wp-json\/wp\/v2\/product_cat?post=2870"},{"taxonomy":"product_tag","embeddable":true,"href":"https:\/\/ambiance.maisoninterbois.com\/ar\/wp-json\/wp\/v2\/product_tag?post=2870"}],"curies":[{"name":"wp","href":"https:\/\/api.w.org\/{rel}","templated":true}]}}