{"id":2830,"date":"2025-10-13T09:58:35","date_gmt":"2025-10-13T09:58:35","guid":{"rendered":"https:\/\/ambiance.maisoninterbois.com\/?post_type=product&#038;p=2830"},"modified":"2026-03-26T17:22:49","modified_gmt":"2026-03-26T17:22:49","slug":"bureau-badau","status":"publish","type":"product","link":"https:\/\/ambiance.maisoninterbois.com\/ar\/product\/bureau-badau\/","title":{"rendered":"Bureau BADAU"},"content":{"rendered":"","protected":false},"excerpt":{"rendered":"<p>\u0645\u0643\u062a\u0628 \u0645\u062a\u0639\u062f\u062f \u0627\u0644\u0648\u0638\u0627\u0626\u0641 \u0628\u062a\u0635\u0645\u064a\u0645 \u0627\u0633\u0643\u0646\u062f\u0646\u0627\u0641\u064a \u0648\u0635\u0646\u0627\u0639\u064a. \u064a\u062a\u0645\u064a\u0632 \u0628\u0644\u0648\u062d\u0629 \u0642\u0627\u0628\u0644\u0629 \u0644\u0644\u062a\u062d\u0648\u064a\u0644 \u062a\u062a\u0643\u064a\u0641 \u0645\u0639 \u0627\u062d\u062a\u064a\u0627\u062c\u0627\u062a\u0643: \u0627\u0633\u062a\u062e\u062f\u0645\u0647 \u0628\u0632\u0627\u0648\u064a\u0629 (L) \u0623\u0648 \u0641\u064a \u0648\u0636\u0639 \u0645\u0633\u062a\u0642\u064a\u0645. \u0627\u0644\u0647\u064a\u0643\u0644 \u0627\u0644\u0645\u0639\u062f\u0646\u064a \u0627\u0644\u0623\u0633\u0648\u062f \u063a\u064a\u0631 \u0627\u0644\u0644\u0627\u0645\u0639 \u0645\u062f\u0645\u062c \u0645\u0639 \u0635\u0646\u0627\u062f\u064a\u0642 \u062e\u0634\u0628\u064a\u0629 \u0641\u0627\u062a\u062d\u0629 \u062a\u0648\u0641\u0631 \u0645\u0633\u0627\u062d\u0627\u062a \u062a\u062e\u0632\u064a\u0646 \u0645\u0641\u062a\u0648\u062d\u0629 \u0648\u0645\u063a\u0644\u0642\u0629 \u0644\u062a\u0646\u0638\u064a\u0645 \u0645\u062b\u0627\u0644\u064a. \u0645\u062b\u0627\u0644\u064a \u0644\u062a\u062d\u0633\u064a\u0646 \u0645\u0633\u0627\u062d\u0629 \u0627\u0644\u0639\u0645\u0644 \u0628\u0623\u0646\u0627\u0642\u0629.<\/p>\n<p><a href=\"https:\/\/ambiance.maisoninterbois.com\/wp-content\/uploads\/2025\/10\/6.jpg\"><img loading=\"lazy\" decoding=\"async\" class=\"alignnone size-medium wp-image-2837\" src=\"https:\/\/ambiance.maisoninterbois.com\/wp-content\/uploads\/2025\/10\/6-300x300.jpg\" alt=\"\" width=\"300\" height=\"300\" srcset=\"https:\/\/ambiance.maisoninterbois.com\/wp-content\/uploads\/2025\/10\/6-300x300.jpg 300w, https:\/\/ambiance.maisoninterbois.com\/wp-content\/uploads\/2025\/10\/6-150x150.jpg 150w, https:\/\/ambiance.maisoninterbois.com\/wp-content\/uploads\/2025\/10\/6-100x100.jpg 100w, https:\/\/ambiance.maisoninterbois.com\/wp-content\/uploads\/2025\/10\/6-433x433.jpg 433w, https:\/\/ambiance.maisoninterbois.com\/wp-content\/uploads\/2025\/10\/6.jpg 750w\" sizes=\"auto, (max-width: 300px) 100vw, 300px\" \/><\/a><\/p>","protected":false},"featured_media":2832,"template":"","meta":[],"product_brand":[],"product_cat":[59,100],"product_tag":[],"class_list":{"0":"post-2830","1":"product","2":"type-product","3":"status-publish","4":"has-post-thumbnail","6":"product_cat-collections-indoor","7":"product_cat-meuble-en-kit","9":"first","10":"instock","11":"shipping-taxable","12":"purchasable","13":"product-type-simple","14":"layout-style-2","15":"col-md-4 col-sm-4 col-xs-6","16":"col-lg-3","17":"product-has-gallery","18":"product-style-addtocart"},"yoast_head":"<!-- This site is optimized with the Yoast SEO Premium plugin v26.3 (Yoast SEO v27.4) - https:\/\/yoast.com\/product\/yoast-seo-premium-wordpress\/ -->\n<title>Bureau BADAU | INTERBOIS AMBIANCE<\/title>\n<meta name=\"robots\" content=\"index, follow, max-snippet:-1, max-image-preview:large, max-video-preview:-1\" \/>\n<link rel=\"canonical\" href=\"https:\/\/ambiance.maisoninterbois.com\/ar\/product\/bureau-badau\/\" \/>\n<meta property=\"og:locale\" content=\"ar_AR\" \/>\n<meta property=\"og:type\" content=\"article\" \/>\n<meta property=\"og:title\" content=\"Bureau BADAU\" \/>\n<meta property=\"og:description\" content=\"Un bureau multifonctionnel au design scandinave et industriel. Il se distingue par son plateau convertible qui s&#039;adapte \u00e0 vos besoins : utilisez-le en angle (L) ou en position droite. La structure en m\u00e9tal noir mat est combin\u00e9e \u00e0 des caissons en bois clair offrant des espaces de rangement ouverts et ferm\u00e9s pour une organisation parfaite. Id\u00e9al pour optimiser l&#039;espace de travail avec style.\" \/>\n<meta property=\"og:url\" content=\"https:\/\/ambiance.maisoninterbois.com\/ar\/product\/bureau-badau\/\" \/>\n<meta property=\"og:site_name\" content=\"INTERBOIS AMBIANCE\" \/>\n<meta property=\"article:publisher\" content=\"https:\/\/www.facebook.com\/InterboisAmbiance\" \/>\n<meta property=\"article:modified_time\" content=\"2026-03-26T17:22:49+00:00\" \/>\n<meta property=\"og:image\" content=\"https:\/\/ambiance.maisoninterbois.com\/wp-content\/uploads\/2025\/10\/1-2.jpg\" \/>\n\t<meta property=\"og:image:width\" content=\"750\" \/>\n\t<meta property=\"og:image:height\" content=\"750\" \/>\n\t<meta property=\"og:image:type\" content=\"image\/jpeg\" \/>\n<meta name=\"twitter:card\" content=\"summary_large_image\" \/>\n<meta name=\"twitter:label1\" content=\"\u0648\u0642\u062a \u0627\u0644\u0642\u0631\u0627\u0621\u0629 \u0627\u0644\u0645\u064f\u0642\u062f\u0651\u0631\" \/>\n\t<meta name=\"twitter:data1\" content=\"\u062f\u0642\u064a\u0642\u0629 \u0648\u0627\u062d\u062f\u0629\" \/>\n<script type=\"application\/ld+json\" class=\"yoast-schema-graph\">{\"@context\":\"https:\\\/\\\/schema.org\",\"@graph\":[{\"@type\":\"WebPage\",\"@id\":\"https:\\\/\\\/ambiance.maisoninterbois.com\\\/product\\\/bureau-badau\\\/\",\"url\":\"https:\\\/\\\/ambiance.maisoninterbois.com\\\/product\\\/bureau-badau\\\/\",\"name\":\"Bureau BADAU | INTERBOIS AMBIANCE\",\"isPartOf\":{\"@id\":\"https:\\\/\\\/ambiance.maisoninterbois.com\\\/#website\"},\"primaryImageOfPage\":{\"@id\":\"https:\\\/\\\/ambiance.maisoninterbois.com\\\/product\\\/bureau-badau\\\/#primaryimage\"},\"image\":{\"@id\":\"https:\\\/\\\/ambiance.maisoninterbois.com\\\/product\\\/bureau-badau\\\/#primaryimage\"},\"thumbnailUrl\":\"https:\\\/\\\/ambiance.maisoninterbois.com\\\/wp-content\\\/uploads\\\/2025\\\/10\\\/1-2.jpg\",\"datePublished\":\"2025-10-13T09:58:35+00:00\",\"dateModified\":\"2026-03-26T17:22:49+00:00\",\"breadcrumb\":{\"@id\":\"https:\\\/\\\/ambiance.maisoninterbois.com\\\/product\\\/bureau-badau\\\/#breadcrumb\"},\"inLanguage\":\"ar\",\"potentialAction\":[{\"@type\":\"ReadAction\",\"target\":[\"https:\\\/\\\/ambiance.maisoninterbois.com\\\/product\\\/bureau-badau\\\/\"]}]},{\"@type\":\"ImageObject\",\"inLanguage\":\"ar\",\"@id\":\"https:\\\/\\\/ambiance.maisoninterbois.com\\\/product\\\/bureau-badau\\\/#primaryimage\",\"url\":\"https:\\\/\\\/ambiance.maisoninterbois.com\\\/wp-content\\\/uploads\\\/2025\\\/10\\\/1-2.jpg\",\"contentUrl\":\"https:\\\/\\\/ambiance.maisoninterbois.com\\\/wp-content\\\/uploads\\\/2025\\\/10\\\/1-2.jpg\",\"width\":750,\"height\":750},{\"@type\":\"BreadcrumbList\",\"@id\":\"https:\\\/\\\/ambiance.maisoninterbois.com\\\/product\\\/bureau-badau\\\/#breadcrumb\",\"itemListElement\":[{\"@type\":\"ListItem\",\"position\":1,\"name\":\"Accueil\",\"item\":\"https:\\\/\\\/ambiance.maisoninterbois.com\\\/\"},{\"@type\":\"ListItem\",\"position\":2,\"name\":\"Produits\",\"item\":\"https:\\\/\\\/ambiance.maisoninterbois.com\\\/produits\\\/\"},{\"@type\":\"ListItem\",\"position\":3,\"name\":\"Bureau BADAU\"}]},{\"@type\":\"WebSite\",\"@id\":\"https:\\\/\\\/ambiance.maisoninterbois.com\\\/#website\",\"url\":\"https:\\\/\\\/ambiance.maisoninterbois.com\\\/\",\"name\":\"INTERBOIS AMBIANCE\",\"description\":\"Qualit\u00e9 et confort pour un style in\u00e9gal\u00e9\",\"publisher\":{\"@id\":\"https:\\\/\\\/ambiance.maisoninterbois.com\\\/#organization\"},\"potentialAction\":[{\"@type\":\"SearchAction\",\"target\":{\"@type\":\"EntryPoint\",\"urlTemplate\":\"https:\\\/\\\/ambiance.maisoninterbois.com\\\/?s={search_term_string}\"},\"query-input\":{\"@type\":\"PropertyValueSpecification\",\"valueRequired\":true,\"valueName\":\"search_term_string\"}}],\"inLanguage\":\"ar\"},{\"@type\":\"Organization\",\"@id\":\"https:\\\/\\\/ambiance.maisoninterbois.com\\\/#organization\",\"name\":\"Ambiance Interbois\",\"url\":\"https:\\\/\\\/ambiance.maisoninterbois.com\\\/\",\"logo\":{\"@type\":\"ImageObject\",\"inLanguage\":\"ar\",\"@id\":\"https:\\\/\\\/ambiance.maisoninterbois.com\\\/#\\\/schema\\\/logo\\\/image\\\/\",\"url\":\"https:\\\/\\\/ambiance.maisoninterbois.com\\\/wp-content\\\/uploads\\\/2024\\\/05\\\/Logo-interbois-Fond-clair.png\",\"contentUrl\":\"https:\\\/\\\/ambiance.maisoninterbois.com\\\/wp-content\\\/uploads\\\/2024\\\/05\\\/Logo-interbois-Fond-clair.png\",\"width\":2560,\"height\":1440,\"caption\":\"Ambiance Interbois\"},\"image\":{\"@id\":\"https:\\\/\\\/ambiance.maisoninterbois.com\\\/#\\\/schema\\\/logo\\\/image\\\/\"},\"sameAs\":[\"https:\\\/\\\/www.facebook.com\\\/InterboisAmbiance\",\"https:\\\/\\\/www.instagram.com\\\/interboisambiance\",\"https:\\\/\\\/www.linkedin.com\\\/company\\\/interbois-ambiance\\\/\"]}]}<\/script>\n<!-- \/ Yoast SEO Premium plugin. -->","yoast_head_json":{"title":"Bureau BADAU | INTERBOIS AMBIANCE","robots":{"index":"index","follow":"follow","max-snippet":"max-snippet:-1","max-image-preview":"max-image-preview:large","max-video-preview":"max-video-preview:-1"},"canonical":"https:\/\/ambiance.maisoninterbois.com\/ar\/product\/bureau-badau\/","og_locale":"ar_AR","og_type":"article","og_title":"Bureau BADAU","og_description":"Un bureau multifonctionnel au design scandinave et industriel. Il se distingue par son plateau convertible qui s'adapte \u00e0 vos besoins : utilisez-le en angle (L) ou en position droite. La structure en m\u00e9tal noir mat est combin\u00e9e \u00e0 des caissons en bois clair offrant des espaces de rangement ouverts et ferm\u00e9s pour une organisation parfaite. Id\u00e9al pour optimiser l'espace de travail avec style.","og_url":"https:\/\/ambiance.maisoninterbois.com\/ar\/product\/bureau-badau\/","og_site_name":"INTERBOIS AMBIANCE","article_publisher":"https:\/\/www.facebook.com\/InterboisAmbiance","article_modified_time":"2026-03-26T17:22:49+00:00","og_image":[{"width":750,"height":750,"url":"https:\/\/ambiance.maisoninterbois.com\/wp-content\/uploads\/2025\/10\/1-2.jpg","type":"image\/jpeg"}],"twitter_card":"summary_large_image","twitter_misc":{"\u0648\u0642\u062a \u0627\u0644\u0642\u0631\u0627\u0621\u0629 \u0627\u0644\u0645\u064f\u0642\u062f\u0651\u0631":"\u062f\u0642\u064a\u0642\u0629 \u0648\u0627\u062d\u062f\u0629"},"schema":{"@context":"https:\/\/schema.org","@graph":[{"@type":"WebPage","@id":"https:\/\/ambiance.maisoninterbois.com\/product\/bureau-badau\/","url":"https:\/\/ambiance.maisoninterbois.com\/product\/bureau-badau\/","name":"Bureau BADAU | INTERBOIS AMBIANCE","isPartOf":{"@id":"https:\/\/ambiance.maisoninterbois.com\/#website"},"primaryImageOfPage":{"@id":"https:\/\/ambiance.maisoninterbois.com\/product\/bureau-badau\/#primaryimage"},"image":{"@id":"https:\/\/ambiance.maisoninterbois.com\/product\/bureau-badau\/#primaryimage"},"thumbnailUrl":"https:\/\/ambiance.maisoninterbois.com\/wp-content\/uploads\/2025\/10\/1-2.jpg","datePublished":"2025-10-13T09:58:35+00:00","dateModified":"2026-03-26T17:22:49+00:00","breadcrumb":{"@id":"https:\/\/ambiance.maisoninterbois.com\/product\/bureau-badau\/#breadcrumb"},"inLanguage":"ar","potentialAction":[{"@type":"ReadAction","target":["https:\/\/ambiance.maisoninterbois.com\/product\/bureau-badau\/"]}]},{"@type":"ImageObject","inLanguage":"ar","@id":"https:\/\/ambiance.maisoninterbois.com\/product\/bureau-badau\/#primaryimage","url":"https:\/\/ambiance.maisoninterbois.com\/wp-content\/uploads\/2025\/10\/1-2.jpg","contentUrl":"https:\/\/ambiance.maisoninterbois.com\/wp-content\/uploads\/2025\/10\/1-2.jpg","width":750,"height":750},{"@type":"BreadcrumbList","@id":"https:\/\/ambiance.maisoninterbois.com\/product\/bureau-badau\/#breadcrumb","itemListElement":[{"@type":"ListItem","position":1,"name":"Accueil","item":"https:\/\/ambiance.maisoninterbois.com\/"},{"@type":"ListItem","position":2,"name":"Produits","item":"https:\/\/ambiance.maisoninterbois.com\/produits\/"},{"@type":"ListItem","position":3,"name":"Bureau BADAU"}]},{"@type":"WebSite","@id":"https:\/\/ambiance.maisoninterbois.com\/#website","url":"https:\/\/ambiance.maisoninterbois.com\/","name":"INTERBOIS AMBIANCE","description":"Qualit\u00e9 et confort pour un style in\u00e9gal\u00e9","publisher":{"@id":"https:\/\/ambiance.maisoninterbois.com\/#organization"},"potentialAction":[{"@type":"SearchAction","target":{"@type":"EntryPoint","urlTemplate":"https:\/\/ambiance.maisoninterbois.com\/?s={search_term_string}"},"query-input":{"@type":"PropertyValueSpecification","valueRequired":true,"valueName":"search_term_string"}}],"inLanguage":"ar"},{"@type":"Organization","@id":"https:\/\/ambiance.maisoninterbois.com\/#organization","name":"Ambiance Interbois","url":"https:\/\/ambiance.maisoninterbois.com\/","logo":{"@type":"ImageObject","inLanguage":"ar","@id":"https:\/\/ambiance.maisoninterbois.com\/#\/schema\/logo\/image\/","url":"https:\/\/ambiance.maisoninterbois.com\/wp-content\/uploads\/2024\/05\/Logo-interbois-Fond-clair.png","contentUrl":"https:\/\/ambiance.maisoninterbois.com\/wp-content\/uploads\/2024\/05\/Logo-interbois-Fond-clair.png","width":2560,"height":1440,"caption":"Ambiance Interbois"},"image":{"@id":"https:\/\/ambiance.maisoninterbois.com\/#\/schema\/logo\/image\/"},"sameAs":["https:\/\/www.facebook.com\/InterboisAmbiance","https:\/\/www.instagram.com\/interboisambiance","https:\/\/www.linkedin.com\/company\/interbois-ambiance\/"]}]}},"_links":{"self":[{"href":"https:\/\/ambiance.maisoninterbois.com\/ar\/wp-json\/wp\/v2\/product\/2830","targetHints":{"allow":["GET"]}}],"collection":[{"href":"https:\/\/ambiance.maisoninterbois.com\/ar\/wp-json\/wp\/v2\/product"}],"about":[{"href":"https:\/\/ambiance.maisoninterbois.com\/ar\/wp-json\/wp\/v2\/types\/product"}],"wp:featuredmedia":[{"embeddable":true,"href":"https:\/\/ambiance.maisoninterbois.com\/ar\/wp-json\/wp\/v2\/media\/2832"}],"wp:attachment":[{"href":"https:\/\/ambiance.maisoninterbois.com\/ar\/wp-json\/wp\/v2\/media?parent=2830"}],"wp:term":[{"taxonomy":"product_brand","embeddable":true,"href":"https:\/\/ambiance.maisoninterbois.com\/ar\/wp-json\/wp\/v2\/product_brand?post=2830"},{"taxonomy":"product_cat","embeddable":true,"href":"https:\/\/ambiance.maisoninterbois.com\/ar\/wp-json\/wp\/v2\/product_cat?post=2830"},{"taxonomy":"product_tag","embeddable":true,"href":"https:\/\/ambiance.maisoninterbois.com\/ar\/wp-json\/wp\/v2\/product_tag?post=2830"}],"curies":[{"name":"wp","href":"https:\/\/api.w.org\/{rel}","templated":true}]}}