{"id":2539,"date":"2025-04-10T15:21:51","date_gmt":"2025-04-10T15:21:51","guid":{"rendered":"https:\/\/ambiance.maisoninterbois.com\/?post_type=product&#038;p=2539"},"modified":"2025-05-29T09:05:17","modified_gmt":"2025-05-29T09:05:17","slug":"giza-10381-14","status":"publish","type":"product","link":"https:\/\/ambiance.maisoninterbois.com\/ar\/product\/giza-10381-14\/","title":{"rendered":"\u0623\u0631\u0636\u064a\u0627\u062a \u062c\u064a\u0632\u0627 10381-14"},"content":{"rendered":"","protected":false},"excerpt":{"rendered":"<p style=\"text-align: left;\">\u0645\u0628\u062a\u0643\u0631\u0629 \u0648\u0645\u062a\u064a\u0646\u0629\u060c \u062a\u062c\u0645\u0639 \u0623\u0631\u0636\u064a\u0627\u062a SPC \u0628\u064a\u0646 \u0627\u0644\u062d\u062c\u0631 \u0648\u0627\u0644\u0628\u0648\u0644\u064a\u0645\u0631\u0627\u062a \u0644\u0645\u0642\u0627\u0648\u0645\u0629 \u0627\u0633\u062a\u062b\u0646\u0627\u0626\u064a\u0629 \u0644\u0644\u062a\u0622\u0643\u0644 \u0648\u0627\u0644\u0645\u0627\u0621 \u0648\u0627\u0644\u062e\u062f\u0648\u0634. \u062a\u062d\u0627\u0643\u064a \u062c\u0645\u0627\u0644 \u0627\u0644\u062e\u0634\u0628 \u0627\u0644\u0637\u0628\u064a\u0639\u064a \u0628\u062f\u0642\u0629\u060c \u0648\u062a\u0646\u0627\u0633\u0628 \u0627\u0644\u0623\u0645\u0627\u0643\u0646 \u0627\u0644\u0645\u0632\u062f\u062d\u0645\u0629 \u0645\u062b\u0644 \u0627\u0644\u0645\u0643\u0627\u062a\u0628 \u0648\u0627\u0644\u0645\u062a\u0627\u062c\u0631 \u0623\u0648 \u0627\u0644\u0645\u0646\u0627\u0637\u0642 \u0627\u0644\u0631\u0637\u0628\u0629. \u0628\u0641\u0636\u0644 \u0646\u0638\u0627\u0645 \u0627\u0644\u062a\u0631\u0643\u064a\u0628 \u0627\u0644\u0639\u0627\u0626\u0645 Uniclic\u060c \u064a\u0633\u0647\u0644 \u062a\u0631\u0643\u064a\u0628\u0647\u0627 \u0628\u0633\u0631\u0639\u0629\u060c \u0645\u0645\u0627 \u064a\u0648\u0641\u0631 \u0645\u062a\u0627\u0646\u0629 \u0648\u0623\u0633\u0644\u0648\u0628\u064b\u0627 \u062e\u0627\u0644\u062f\u064b\u0627 \u0644\u062c\u0645\u064a\u0639 \u0627\u0644\u062f\u064a\u0643\u0648\u0631\u0627\u062a \u0627\u0644\u062f\u0627\u062e\u0644\u064a\u0629.<\/p>\n<p>&nbsp;<\/p>\n<p style=\"text-align: center;\"><span style=\"color: #000000;\"><strong>\u0627\u0644\u0633\u0645\u0627\u0643\u0629:<\/strong><\/span> 5 mm<\/p>\n<p style=\"text-align: center;\"><span style=\"color: #000000;\"><strong>\u0627\u0644\u0639\u0631\u0636:<\/strong><\/span> 180 mm<\/p>\n<p style=\"text-align: center;\"><span style=\"color: #000000;\"><strong>\u0627\u0644\u0637\u0648\u0644:<\/strong><\/span> 1220 mm<\/p>\n<p style=\"text-align: center;\"><strong><span style=\"color: #000000;\">Couche d\u2019usure :<\/span><\/strong> 0,55mm<\/p>\n<p style=\"text-align: center;\"><span style=\"color: #000000;\"><strong>\u0627\u0644\u0641\u0626\u0629:<\/strong><\/span> AC33-34<\/p>","protected":false},"featured_media":2547,"template":"","meta":[],"product_brand":[],"product_cat":[82],"product_tag":[],"class_list":{"0":"post-2539","1":"product","2":"type-product","3":"status-publish","4":"has-post-thumbnail","6":"product_cat-parquet-spc","8":"first","9":"instock","10":"shipping-taxable","11":"purchasable","12":"product-type-simple","13":"layout-style-2","14":"col-md-4 col-sm-4 col-xs-6","15":"col-lg-3","16":"product-has-gallery","17":"product-style-addtocart"},"yoast_head":"<!-- This site is optimized with the Yoast SEO Premium plugin v26.3 (Yoast SEO v27.3) - https:\/\/yoast.com\/product\/yoast-seo-premium-wordpress\/ -->\n<title>Giza 10381-14 | INTERBOIS AMBIANCE<\/title>\n<meta name=\"robots\" content=\"index, follow, max-snippet:-1, max-image-preview:large, max-video-preview:-1\" \/>\n<link rel=\"canonical\" href=\"https:\/\/ambiance.maisoninterbois.com\/ar\/product\/giza-10381-14\/\" \/>\n<meta property=\"og:locale\" content=\"ar_AR\" \/>\n<meta property=\"og:type\" content=\"article\" \/>\n<meta property=\"og:title\" content=\"Giza 10381-14\" \/>\n<meta property=\"og:description\" content=\"Innovant et robuste, le parquet SPC combine pierre et polym\u00e8res pour une r\u00e9sistance exceptionnelle \u00e0 l&#039;usure, \u00e0 l&#039;eau et aux rayures. Son esth\u00e9tique imite parfaitement le bois naturel, et il s&#039;adapte aux espaces fr\u00e9quent\u00e9s comme les bureaux, commerces ou zones humides. Gr\u00e2ce \u00e0 son syst\u00e8me de pose flottante Uniclic, il est facile et rapide \u00e0 installer, offrant durabilit\u00e9 et style intemporel pour tous les int\u00e9rieurs. &nbsp; \u00c9paisseur : 5 mm Largeur\u00a0: 180 mm Longueur\u00a0: 1220 mm Couche d\u2019usure : 0,55mm Classe\u00a0: AC33-34\" \/>\n<meta property=\"og:url\" content=\"https:\/\/ambiance.maisoninterbois.com\/ar\/product\/giza-10381-14\/\" \/>\n<meta property=\"og:site_name\" content=\"INTERBOIS AMBIANCE\" \/>\n<meta property=\"article:publisher\" content=\"https:\/\/www.facebook.com\/InterboisAmbiance\" \/>\n<meta property=\"article:modified_time\" content=\"2025-05-29T09:05:17+00:00\" \/>\n<meta property=\"og:image\" content=\"https:\/\/ambiance.maisoninterbois.com\/wp-content\/uploads\/2025\/04\/5-6.png\" \/>\n\t<meta property=\"og:image:width\" content=\"1080\" \/>\n\t<meta property=\"og:image:height\" content=\"1080\" \/>\n\t<meta property=\"og:image:type\" content=\"image\/png\" \/>\n<meta name=\"twitter:card\" content=\"summary_large_image\" \/>\n<script type=\"application\/ld+json\" class=\"yoast-schema-graph\">{\"@context\":\"https:\\\/\\\/schema.org\",\"@graph\":[{\"@type\":\"WebPage\",\"@id\":\"https:\\\/\\\/ambiance.maisoninterbois.com\\\/product\\\/giza-10381-14\\\/\",\"url\":\"https:\\\/\\\/ambiance.maisoninterbois.com\\\/product\\\/giza-10381-14\\\/\",\"name\":\"Giza 10381-14 | INTERBOIS AMBIANCE\",\"isPartOf\":{\"@id\":\"https:\\\/\\\/ambiance.maisoninterbois.com\\\/#website\"},\"primaryImageOfPage\":{\"@id\":\"https:\\\/\\\/ambiance.maisoninterbois.com\\\/product\\\/giza-10381-14\\\/#primaryimage\"},\"image\":{\"@id\":\"https:\\\/\\\/ambiance.maisoninterbois.com\\\/product\\\/giza-10381-14\\\/#primaryimage\"},\"thumbnailUrl\":\"https:\\\/\\\/ambiance.maisoninterbois.com\\\/wp-content\\\/uploads\\\/2025\\\/04\\\/5-6.png\",\"datePublished\":\"2025-04-10T15:21:51+00:00\",\"dateModified\":\"2025-05-29T09:05:17+00:00\",\"breadcrumb\":{\"@id\":\"https:\\\/\\\/ambiance.maisoninterbois.com\\\/product\\\/giza-10381-14\\\/#breadcrumb\"},\"inLanguage\":\"ar\",\"potentialAction\":[{\"@type\":\"ReadAction\",\"target\":[\"https:\\\/\\\/ambiance.maisoninterbois.com\\\/product\\\/giza-10381-14\\\/\"]}]},{\"@type\":\"ImageObject\",\"inLanguage\":\"ar\",\"@id\":\"https:\\\/\\\/ambiance.maisoninterbois.com\\\/product\\\/giza-10381-14\\\/#primaryimage\",\"url\":\"https:\\\/\\\/ambiance.maisoninterbois.com\\\/wp-content\\\/uploads\\\/2025\\\/04\\\/5-6.png\",\"contentUrl\":\"https:\\\/\\\/ambiance.maisoninterbois.com\\\/wp-content\\\/uploads\\\/2025\\\/04\\\/5-6.png\",\"width\":1080,\"height\":1080},{\"@type\":\"BreadcrumbList\",\"@id\":\"https:\\\/\\\/ambiance.maisoninterbois.com\\\/product\\\/giza-10381-14\\\/#breadcrumb\",\"itemListElement\":[{\"@type\":\"ListItem\",\"position\":1,\"name\":\"Accueil\",\"item\":\"https:\\\/\\\/ambiance.maisoninterbois.com\\\/\"},{\"@type\":\"ListItem\",\"position\":2,\"name\":\"Produits\",\"item\":\"https:\\\/\\\/ambiance.maisoninterbois.com\\\/produits\\\/\"},{\"@type\":\"ListItem\",\"position\":3,\"name\":\"Giza 10381-14\"}]},{\"@type\":\"WebSite\",\"@id\":\"https:\\\/\\\/ambiance.maisoninterbois.com\\\/#website\",\"url\":\"https:\\\/\\\/ambiance.maisoninterbois.com\\\/\",\"name\":\"INTERBOIS AMBIANCE\",\"description\":\"Qualit\u00e9 et confort pour un style in\u00e9gal\u00e9\",\"publisher\":{\"@id\":\"https:\\\/\\\/ambiance.maisoninterbois.com\\\/#organization\"},\"potentialAction\":[{\"@type\":\"SearchAction\",\"target\":{\"@type\":\"EntryPoint\",\"urlTemplate\":\"https:\\\/\\\/ambiance.maisoninterbois.com\\\/?s={search_term_string}\"},\"query-input\":{\"@type\":\"PropertyValueSpecification\",\"valueRequired\":true,\"valueName\":\"search_term_string\"}}],\"inLanguage\":\"ar\"},{\"@type\":\"Organization\",\"@id\":\"https:\\\/\\\/ambiance.maisoninterbois.com\\\/#organization\",\"name\":\"Ambiance Interbois\",\"url\":\"https:\\\/\\\/ambiance.maisoninterbois.com\\\/\",\"logo\":{\"@type\":\"ImageObject\",\"inLanguage\":\"ar\",\"@id\":\"https:\\\/\\\/ambiance.maisoninterbois.com\\\/#\\\/schema\\\/logo\\\/image\\\/\",\"url\":\"https:\\\/\\\/ambiance.maisoninterbois.com\\\/wp-content\\\/uploads\\\/2024\\\/05\\\/Logo-interbois-Fond-clair.png\",\"contentUrl\":\"https:\\\/\\\/ambiance.maisoninterbois.com\\\/wp-content\\\/uploads\\\/2024\\\/05\\\/Logo-interbois-Fond-clair.png\",\"width\":2560,\"height\":1440,\"caption\":\"Ambiance Interbois\"},\"image\":{\"@id\":\"https:\\\/\\\/ambiance.maisoninterbois.com\\\/#\\\/schema\\\/logo\\\/image\\\/\"},\"sameAs\":[\"https:\\\/\\\/www.facebook.com\\\/InterboisAmbiance\",\"https:\\\/\\\/www.instagram.com\\\/interboisambiance\",\"https:\\\/\\\/www.linkedin.com\\\/company\\\/interbois-ambiance\\\/\"]}]}<\/script>\n<!-- \/ Yoast SEO Premium plugin. -->","yoast_head_json":{"title":"Giza 10381-14 | INTERBOIS AMBIANCE","robots":{"index":"index","follow":"follow","max-snippet":"max-snippet:-1","max-image-preview":"max-image-preview:large","max-video-preview":"max-video-preview:-1"},"canonical":"https:\/\/ambiance.maisoninterbois.com\/ar\/product\/giza-10381-14\/","og_locale":"ar_AR","og_type":"article","og_title":"Giza 10381-14","og_description":"Innovant et robuste, le parquet SPC combine pierre et polym\u00e8res pour une r\u00e9sistance exceptionnelle \u00e0 l'usure, \u00e0 l'eau et aux rayures. Son esth\u00e9tique imite parfaitement le bois naturel, et il s'adapte aux espaces fr\u00e9quent\u00e9s comme les bureaux, commerces ou zones humides. Gr\u00e2ce \u00e0 son syst\u00e8me de pose flottante Uniclic, il est facile et rapide \u00e0 installer, offrant durabilit\u00e9 et style intemporel pour tous les int\u00e9rieurs. &nbsp; \u00c9paisseur : 5 mm Largeur\u00a0: 180 mm Longueur\u00a0: 1220 mm Couche d\u2019usure : 0,55mm Classe\u00a0: AC33-34","og_url":"https:\/\/ambiance.maisoninterbois.com\/ar\/product\/giza-10381-14\/","og_site_name":"INTERBOIS AMBIANCE","article_publisher":"https:\/\/www.facebook.com\/InterboisAmbiance","article_modified_time":"2025-05-29T09:05:17+00:00","og_image":[{"width":1080,"height":1080,"url":"https:\/\/ambiance.maisoninterbois.com\/wp-content\/uploads\/2025\/04\/5-6.png","type":"image\/png"}],"twitter_card":"summary_large_image","schema":{"@context":"https:\/\/schema.org","@graph":[{"@type":"WebPage","@id":"https:\/\/ambiance.maisoninterbois.com\/product\/giza-10381-14\/","url":"https:\/\/ambiance.maisoninterbois.com\/product\/giza-10381-14\/","name":"Giza 10381-14 | INTERBOIS AMBIANCE","isPartOf":{"@id":"https:\/\/ambiance.maisoninterbois.com\/#website"},"primaryImageOfPage":{"@id":"https:\/\/ambiance.maisoninterbois.com\/product\/giza-10381-14\/#primaryimage"},"image":{"@id":"https:\/\/ambiance.maisoninterbois.com\/product\/giza-10381-14\/#primaryimage"},"thumbnailUrl":"https:\/\/ambiance.maisoninterbois.com\/wp-content\/uploads\/2025\/04\/5-6.png","datePublished":"2025-04-10T15:21:51+00:00","dateModified":"2025-05-29T09:05:17+00:00","breadcrumb":{"@id":"https:\/\/ambiance.maisoninterbois.com\/product\/giza-10381-14\/#breadcrumb"},"inLanguage":"ar","potentialAction":[{"@type":"ReadAction","target":["https:\/\/ambiance.maisoninterbois.com\/product\/giza-10381-14\/"]}]},{"@type":"ImageObject","inLanguage":"ar","@id":"https:\/\/ambiance.maisoninterbois.com\/product\/giza-10381-14\/#primaryimage","url":"https:\/\/ambiance.maisoninterbois.com\/wp-content\/uploads\/2025\/04\/5-6.png","contentUrl":"https:\/\/ambiance.maisoninterbois.com\/wp-content\/uploads\/2025\/04\/5-6.png","width":1080,"height":1080},{"@type":"BreadcrumbList","@id":"https:\/\/ambiance.maisoninterbois.com\/product\/giza-10381-14\/#breadcrumb","itemListElement":[{"@type":"ListItem","position":1,"name":"Accueil","item":"https:\/\/ambiance.maisoninterbois.com\/"},{"@type":"ListItem","position":2,"name":"Produits","item":"https:\/\/ambiance.maisoninterbois.com\/produits\/"},{"@type":"ListItem","position":3,"name":"Giza 10381-14"}]},{"@type":"WebSite","@id":"https:\/\/ambiance.maisoninterbois.com\/#website","url":"https:\/\/ambiance.maisoninterbois.com\/","name":"INTERBOIS AMBIANCE","description":"Qualit\u00e9 et confort pour un style in\u00e9gal\u00e9","publisher":{"@id":"https:\/\/ambiance.maisoninterbois.com\/#organization"},"potentialAction":[{"@type":"SearchAction","target":{"@type":"EntryPoint","urlTemplate":"https:\/\/ambiance.maisoninterbois.com\/?s={search_term_string}"},"query-input":{"@type":"PropertyValueSpecification","valueRequired":true,"valueName":"search_term_string"}}],"inLanguage":"ar"},{"@type":"Organization","@id":"https:\/\/ambiance.maisoninterbois.com\/#organization","name":"Ambiance Interbois","url":"https:\/\/ambiance.maisoninterbois.com\/","logo":{"@type":"ImageObject","inLanguage":"ar","@id":"https:\/\/ambiance.maisoninterbois.com\/#\/schema\/logo\/image\/","url":"https:\/\/ambiance.maisoninterbois.com\/wp-content\/uploads\/2024\/05\/Logo-interbois-Fond-clair.png","contentUrl":"https:\/\/ambiance.maisoninterbois.com\/wp-content\/uploads\/2024\/05\/Logo-interbois-Fond-clair.png","width":2560,"height":1440,"caption":"Ambiance Interbois"},"image":{"@id":"https:\/\/ambiance.maisoninterbois.com\/#\/schema\/logo\/image\/"},"sameAs":["https:\/\/www.facebook.com\/InterboisAmbiance","https:\/\/www.instagram.com\/interboisambiance","https:\/\/www.linkedin.com\/company\/interbois-ambiance\/"]}]}},"_links":{"self":[{"href":"https:\/\/ambiance.maisoninterbois.com\/ar\/wp-json\/wp\/v2\/product\/2539","targetHints":{"allow":["GET"]}}],"collection":[{"href":"https:\/\/ambiance.maisoninterbois.com\/ar\/wp-json\/wp\/v2\/product"}],"about":[{"href":"https:\/\/ambiance.maisoninterbois.com\/ar\/wp-json\/wp\/v2\/types\/product"}],"wp:featuredmedia":[{"embeddable":true,"href":"https:\/\/ambiance.maisoninterbois.com\/ar\/wp-json\/wp\/v2\/media\/2547"}],"wp:attachment":[{"href":"https:\/\/ambiance.maisoninterbois.com\/ar\/wp-json\/wp\/v2\/media?parent=2539"}],"wp:term":[{"taxonomy":"product_brand","embeddable":true,"href":"https:\/\/ambiance.maisoninterbois.com\/ar\/wp-json\/wp\/v2\/product_brand?post=2539"},{"taxonomy":"product_cat","embeddable":true,"href":"https:\/\/ambiance.maisoninterbois.com\/ar\/wp-json\/wp\/v2\/product_cat?post=2539"},{"taxonomy":"product_tag","embeddable":true,"href":"https:\/\/ambiance.maisoninterbois.com\/ar\/wp-json\/wp\/v2\/product_tag?post=2539"}],"curies":[{"name":"wp","href":"https:\/\/api.w.org\/{rel}","templated":true}]}}