{"id":2486,"date":"2025-04-10T09:38:38","date_gmt":"2025-04-10T09:38:38","guid":{"rendered":"https:\/\/ambiance.maisoninterbois.com\/?post_type=product&#038;p=2486"},"modified":"2025-04-10T14:38:21","modified_gmt":"2025-04-10T14:38:21","slug":"moderne-prestige-705","status":"publish","type":"product","link":"https:\/\/ambiance.maisoninterbois.com\/ar\/product\/moderne-prestige-705\/","title":{"rendered":"\u0623\u0631\u0636\u064a\u0627\u062a \u0645\u0648\u062f\u0631\u0646 \u0628\u0631\u064a\u0633\u062a\u064a\u062c 705"},"content":{"rendered":"","protected":false},"excerpt":{"rendered":"<p style=\"text-align: left;\">\u062a\u0648\u0641\u0631 \u0623\u0631\u0636\u064a\u0627\u062a\u0646\u0627 \u0627\u0644\u0645\u0635\u0646\u0648\u0639\u0629 \u0645\u0646 HDF \u0627\u0644\u0645\u0637\u0644\u064a \u0645\u0632\u064a\u062c\u064b\u0627 \u0645\u062b\u0627\u0644\u064a\u064b\u0627 \u0645\u0646 \u0627\u0644\u0623\u0646\u0627\u0642\u0629 \u0648\u0627\u0644\u0648\u0638\u0627\u0626\u0641\u060c \u0645\u0646\u0627\u0633\u0628\u0629 \u0644\u0644\u0645\u0633\u0627\u062d\u0627\u062a \u0627\u0644\u0645\u0646\u0632\u0644\u064a\u0629 \u0648\u0627\u0644\u0645\u0647\u0646\u064a\u0629. \u062a\u0635\u0645\u064a\u0645\u0647\u0627 \u0627\u0644\u0623\u0635\u064a\u0644 \u0627\u0644\u0645\u0633\u062a\u0648\u062d\u0649 \u0645\u0646 \u0627\u0644\u062e\u0634\u0628 \u0627\u0644\u0637\u0628\u064a\u0639\u064a \u064a\u0636\u0641\u064a \u0627\u0644\u062f\u0641\u0621 \u0648\u0627\u0644\u0637\u0627\u0628\u0639 \u0639\u0644\u0649 \u062f\u0627\u062e\u0644\u0643.<br \/>\n\u0633\u0647\u0644\u0629 \u0627\u0644\u062a\u0631\u0643\u064a\u0628 \u0628\u0641\u0636\u0644 \u0646\u0638\u0627\u0645 \u0627\u0644\u062a\u0631\u0643\u064a\u0628 \u0627\u0644\u0639\u0627\u0626\u0645 Uniclic\u060c \u0648\u062a\u0646\u062f\u0645\u062c \u0628\u0633\u0644\u0627\u0633\u0629 \u0645\u0639 \u062c\u0645\u064a\u0639 \u0627\u0644\u0623\u0633\u0627\u0644\u064a\u0628 \u0644\u062a\u062c\u0645\u064a\u0644 \u0645\u0633\u0627\u062d\u0627\u062a\u0643 \u0628\u0628\u0633\u0627\u0637\u0629 \u0648\u0639\u0635\u0631\u064a\u0629.<\/p>\n<p>&nbsp;<\/p>\n<p style=\"text-align: center;\"><span style=\"color: #000000;\"><strong>\u0627\u0644\u0633\u0645\u0627\u0643\u0629 :<\/strong><\/span>\u00a08 mm<\/p>\n<p style=\"text-align: center;\"><span style=\"color: #000000;\"><strong>\u0627\u0644\u0639\u0631\u0636:<\/strong><\/span><span style=\"color: #000000;\"><strong>\u00a0<\/strong><\/span>192,5 mm<\/p>\n<p style=\"text-align: center;\"><span style=\"color: #000000;\"><strong>\u0627\u0644\u0637\u0648\u0644:<\/strong><\/span>\u00a01200 mm<\/p>\n<p style=\"text-align: center;\"><span style=\"color: #000000;\"><strong>\u0627\u0644\u0641\u0626\u0629:<\/strong><\/span> AC 4 32<\/p>","protected":false},"featured_media":2487,"template":"","meta":[],"product_brand":[],"product_cat":[78],"product_tag":[],"class_list":{"0":"post-2486","1":"product","2":"type-product","3":"status-publish","4":"has-post-thumbnail","6":"product_cat-parquet-interieur","8":"first","9":"instock","10":"shipping-taxable","11":"purchasable","12":"product-type-simple","13":"layout-style-2","14":"col-md-4 col-sm-4 col-xs-6","15":"col-lg-3","16":"product-has-gallery","17":"product-style-addtocart"},"yoast_head":"<!-- This site is optimized with the Yoast SEO Premium plugin v26.3 (Yoast SEO v27.3) - https:\/\/yoast.com\/product\/yoast-seo-premium-wordpress\/ -->\n<title>Moderne PRESTIGE 705 | INTERBOIS AMBIANCE<\/title>\n<meta name=\"robots\" content=\"index, follow, max-snippet:-1, max-image-preview:large, max-video-preview:-1\" \/>\n<link rel=\"canonical\" href=\"https:\/\/ambiance.maisoninterbois.com\/ar\/product\/moderne-prestige-705\/\" \/>\n<meta property=\"og:locale\" content=\"ar_AR\" \/>\n<meta property=\"og:type\" content=\"article\" \/>\n<meta property=\"og:title\" content=\"Moderne PRESTIGE 705\" \/>\n<meta property=\"og:description\" content=\"Nos parquets en HDF stratifi\u00e9 offrent une combinaison parfaite d&#039;\u00e9l\u00e9gance et de fonctionna-lit\u00e9, adapt\u00e9s aux espaces domestiques et professionnels. Leur design authentique, inspir\u00e9 du bois naturel, apporte chaleur et caract\u00e8re \u00e0 vos int\u00e9rieurs. Faciles \u00e0 installer gr\u00e2ce au syst\u00e8me de pose flottante Uniclic, ils s\u2019int\u00e8grent harmonieusement \u00e0 tous les styles pour sublimer vos espaces avec simplicit\u00e9 et modernit\u00e9. &nbsp; \u00c9paisseur\u00a0:\u00a08 mm Largeur\u00a0:\u00a0192,5 mm Longueur\u00a0:\u00a01200 mm Classe : AC 4 32\" \/>\n<meta property=\"og:url\" content=\"https:\/\/ambiance.maisoninterbois.com\/ar\/product\/moderne-prestige-705\/\" \/>\n<meta property=\"og:site_name\" content=\"INTERBOIS AMBIANCE\" \/>\n<meta property=\"article:publisher\" content=\"https:\/\/www.facebook.com\/InterboisAmbiance\" \/>\n<meta property=\"article:modified_time\" content=\"2025-04-10T14:38:21+00:00\" \/>\n<meta property=\"og:image\" content=\"https:\/\/ambiance.maisoninterbois.com\/wp-content\/uploads\/2025\/04\/20-1.png\" \/>\n\t<meta property=\"og:image:width\" content=\"1080\" \/>\n\t<meta property=\"og:image:height\" content=\"1080\" \/>\n\t<meta property=\"og:image:type\" content=\"image\/png\" \/>\n<meta name=\"twitter:card\" content=\"summary_large_image\" \/>\n<script type=\"application\/ld+json\" class=\"yoast-schema-graph\">{\"@context\":\"https:\\\/\\\/schema.org\",\"@graph\":[{\"@type\":\"WebPage\",\"@id\":\"https:\\\/\\\/ambiance.maisoninterbois.com\\\/product\\\/moderne-prestige-705\\\/\",\"url\":\"https:\\\/\\\/ambiance.maisoninterbois.com\\\/product\\\/moderne-prestige-705\\\/\",\"name\":\"Moderne PRESTIGE 705 | INTERBOIS AMBIANCE\",\"isPartOf\":{\"@id\":\"https:\\\/\\\/ambiance.maisoninterbois.com\\\/#website\"},\"primaryImageOfPage\":{\"@id\":\"https:\\\/\\\/ambiance.maisoninterbois.com\\\/product\\\/moderne-prestige-705\\\/#primaryimage\"},\"image\":{\"@id\":\"https:\\\/\\\/ambiance.maisoninterbois.com\\\/product\\\/moderne-prestige-705\\\/#primaryimage\"},\"thumbnailUrl\":\"https:\\\/\\\/ambiance.maisoninterbois.com\\\/wp-content\\\/uploads\\\/2025\\\/04\\\/20-1.png\",\"datePublished\":\"2025-04-10T09:38:38+00:00\",\"dateModified\":\"2025-04-10T14:38:21+00:00\",\"breadcrumb\":{\"@id\":\"https:\\\/\\\/ambiance.maisoninterbois.com\\\/product\\\/moderne-prestige-705\\\/#breadcrumb\"},\"inLanguage\":\"ar\",\"potentialAction\":[{\"@type\":\"ReadAction\",\"target\":[\"https:\\\/\\\/ambiance.maisoninterbois.com\\\/product\\\/moderne-prestige-705\\\/\"]}]},{\"@type\":\"ImageObject\",\"inLanguage\":\"ar\",\"@id\":\"https:\\\/\\\/ambiance.maisoninterbois.com\\\/product\\\/moderne-prestige-705\\\/#primaryimage\",\"url\":\"https:\\\/\\\/ambiance.maisoninterbois.com\\\/wp-content\\\/uploads\\\/2025\\\/04\\\/20-1.png\",\"contentUrl\":\"https:\\\/\\\/ambiance.maisoninterbois.com\\\/wp-content\\\/uploads\\\/2025\\\/04\\\/20-1.png\",\"width\":1080,\"height\":1080},{\"@type\":\"BreadcrumbList\",\"@id\":\"https:\\\/\\\/ambiance.maisoninterbois.com\\\/product\\\/moderne-prestige-705\\\/#breadcrumb\",\"itemListElement\":[{\"@type\":\"ListItem\",\"position\":1,\"name\":\"Accueil\",\"item\":\"https:\\\/\\\/ambiance.maisoninterbois.com\\\/\"},{\"@type\":\"ListItem\",\"position\":2,\"name\":\"Produits\",\"item\":\"https:\\\/\\\/ambiance.maisoninterbois.com\\\/produits\\\/\"},{\"@type\":\"ListItem\",\"position\":3,\"name\":\"Moderne PRESTIGE 705\"}]},{\"@type\":\"WebSite\",\"@id\":\"https:\\\/\\\/ambiance.maisoninterbois.com\\\/#website\",\"url\":\"https:\\\/\\\/ambiance.maisoninterbois.com\\\/\",\"name\":\"INTERBOIS AMBIANCE\",\"description\":\"Qualit\u00e9 et confort pour un style in\u00e9gal\u00e9\",\"publisher\":{\"@id\":\"https:\\\/\\\/ambiance.maisoninterbois.com\\\/#organization\"},\"potentialAction\":[{\"@type\":\"SearchAction\",\"target\":{\"@type\":\"EntryPoint\",\"urlTemplate\":\"https:\\\/\\\/ambiance.maisoninterbois.com\\\/?s={search_term_string}\"},\"query-input\":{\"@type\":\"PropertyValueSpecification\",\"valueRequired\":true,\"valueName\":\"search_term_string\"}}],\"inLanguage\":\"ar\"},{\"@type\":\"Organization\",\"@id\":\"https:\\\/\\\/ambiance.maisoninterbois.com\\\/#organization\",\"name\":\"Ambiance Interbois\",\"url\":\"https:\\\/\\\/ambiance.maisoninterbois.com\\\/\",\"logo\":{\"@type\":\"ImageObject\",\"inLanguage\":\"ar\",\"@id\":\"https:\\\/\\\/ambiance.maisoninterbois.com\\\/#\\\/schema\\\/logo\\\/image\\\/\",\"url\":\"https:\\\/\\\/ambiance.maisoninterbois.com\\\/wp-content\\\/uploads\\\/2024\\\/05\\\/Logo-interbois-Fond-clair.png\",\"contentUrl\":\"https:\\\/\\\/ambiance.maisoninterbois.com\\\/wp-content\\\/uploads\\\/2024\\\/05\\\/Logo-interbois-Fond-clair.png\",\"width\":2560,\"height\":1440,\"caption\":\"Ambiance Interbois\"},\"image\":{\"@id\":\"https:\\\/\\\/ambiance.maisoninterbois.com\\\/#\\\/schema\\\/logo\\\/image\\\/\"},\"sameAs\":[\"https:\\\/\\\/www.facebook.com\\\/InterboisAmbiance\",\"https:\\\/\\\/www.instagram.com\\\/interboisambiance\",\"https:\\\/\\\/www.linkedin.com\\\/company\\\/interbois-ambiance\\\/\"]}]}<\/script>\n<!-- \/ Yoast SEO Premium plugin. -->","yoast_head_json":{"title":"Moderne PRESTIGE 705 | INTERBOIS AMBIANCE","robots":{"index":"index","follow":"follow","max-snippet":"max-snippet:-1","max-image-preview":"max-image-preview:large","max-video-preview":"max-video-preview:-1"},"canonical":"https:\/\/ambiance.maisoninterbois.com\/ar\/product\/moderne-prestige-705\/","og_locale":"ar_AR","og_type":"article","og_title":"Moderne PRESTIGE 705","og_description":"Nos parquets en HDF stratifi\u00e9 offrent une combinaison parfaite d'\u00e9l\u00e9gance et de fonctionna-lit\u00e9, adapt\u00e9s aux espaces domestiques et professionnels. Leur design authentique, inspir\u00e9 du bois naturel, apporte chaleur et caract\u00e8re \u00e0 vos int\u00e9rieurs. Faciles \u00e0 installer gr\u00e2ce au syst\u00e8me de pose flottante Uniclic, ils s\u2019int\u00e8grent harmonieusement \u00e0 tous les styles pour sublimer vos espaces avec simplicit\u00e9 et modernit\u00e9. &nbsp; \u00c9paisseur\u00a0:\u00a08 mm Largeur\u00a0:\u00a0192,5 mm Longueur\u00a0:\u00a01200 mm Classe : AC 4 32","og_url":"https:\/\/ambiance.maisoninterbois.com\/ar\/product\/moderne-prestige-705\/","og_site_name":"INTERBOIS AMBIANCE","article_publisher":"https:\/\/www.facebook.com\/InterboisAmbiance","article_modified_time":"2025-04-10T14:38:21+00:00","og_image":[{"width":1080,"height":1080,"url":"https:\/\/ambiance.maisoninterbois.com\/wp-content\/uploads\/2025\/04\/20-1.png","type":"image\/png"}],"twitter_card":"summary_large_image","schema":{"@context":"https:\/\/schema.org","@graph":[{"@type":"WebPage","@id":"https:\/\/ambiance.maisoninterbois.com\/product\/moderne-prestige-705\/","url":"https:\/\/ambiance.maisoninterbois.com\/product\/moderne-prestige-705\/","name":"Moderne PRESTIGE 705 | INTERBOIS AMBIANCE","isPartOf":{"@id":"https:\/\/ambiance.maisoninterbois.com\/#website"},"primaryImageOfPage":{"@id":"https:\/\/ambiance.maisoninterbois.com\/product\/moderne-prestige-705\/#primaryimage"},"image":{"@id":"https:\/\/ambiance.maisoninterbois.com\/product\/moderne-prestige-705\/#primaryimage"},"thumbnailUrl":"https:\/\/ambiance.maisoninterbois.com\/wp-content\/uploads\/2025\/04\/20-1.png","datePublished":"2025-04-10T09:38:38+00:00","dateModified":"2025-04-10T14:38:21+00:00","breadcrumb":{"@id":"https:\/\/ambiance.maisoninterbois.com\/product\/moderne-prestige-705\/#breadcrumb"},"inLanguage":"ar","potentialAction":[{"@type":"ReadAction","target":["https:\/\/ambiance.maisoninterbois.com\/product\/moderne-prestige-705\/"]}]},{"@type":"ImageObject","inLanguage":"ar","@id":"https:\/\/ambiance.maisoninterbois.com\/product\/moderne-prestige-705\/#primaryimage","url":"https:\/\/ambiance.maisoninterbois.com\/wp-content\/uploads\/2025\/04\/20-1.png","contentUrl":"https:\/\/ambiance.maisoninterbois.com\/wp-content\/uploads\/2025\/04\/20-1.png","width":1080,"height":1080},{"@type":"BreadcrumbList","@id":"https:\/\/ambiance.maisoninterbois.com\/product\/moderne-prestige-705\/#breadcrumb","itemListElement":[{"@type":"ListItem","position":1,"name":"Accueil","item":"https:\/\/ambiance.maisoninterbois.com\/"},{"@type":"ListItem","position":2,"name":"Produits","item":"https:\/\/ambiance.maisoninterbois.com\/produits\/"},{"@type":"ListItem","position":3,"name":"Moderne PRESTIGE 705"}]},{"@type":"WebSite","@id":"https:\/\/ambiance.maisoninterbois.com\/#website","url":"https:\/\/ambiance.maisoninterbois.com\/","name":"INTERBOIS AMBIANCE","description":"Qualit\u00e9 et confort pour un style in\u00e9gal\u00e9","publisher":{"@id":"https:\/\/ambiance.maisoninterbois.com\/#organization"},"potentialAction":[{"@type":"SearchAction","target":{"@type":"EntryPoint","urlTemplate":"https:\/\/ambiance.maisoninterbois.com\/?s={search_term_string}"},"query-input":{"@type":"PropertyValueSpecification","valueRequired":true,"valueName":"search_term_string"}}],"inLanguage":"ar"},{"@type":"Organization","@id":"https:\/\/ambiance.maisoninterbois.com\/#organization","name":"Ambiance Interbois","url":"https:\/\/ambiance.maisoninterbois.com\/","logo":{"@type":"ImageObject","inLanguage":"ar","@id":"https:\/\/ambiance.maisoninterbois.com\/#\/schema\/logo\/image\/","url":"https:\/\/ambiance.maisoninterbois.com\/wp-content\/uploads\/2024\/05\/Logo-interbois-Fond-clair.png","contentUrl":"https:\/\/ambiance.maisoninterbois.com\/wp-content\/uploads\/2024\/05\/Logo-interbois-Fond-clair.png","width":2560,"height":1440,"caption":"Ambiance Interbois"},"image":{"@id":"https:\/\/ambiance.maisoninterbois.com\/#\/schema\/logo\/image\/"},"sameAs":["https:\/\/www.facebook.com\/InterboisAmbiance","https:\/\/www.instagram.com\/interboisambiance","https:\/\/www.linkedin.com\/company\/interbois-ambiance\/"]}]}},"_links":{"self":[{"href":"https:\/\/ambiance.maisoninterbois.com\/ar\/wp-json\/wp\/v2\/product\/2486","targetHints":{"allow":["GET"]}}],"collection":[{"href":"https:\/\/ambiance.maisoninterbois.com\/ar\/wp-json\/wp\/v2\/product"}],"about":[{"href":"https:\/\/ambiance.maisoninterbois.com\/ar\/wp-json\/wp\/v2\/types\/product"}],"wp:featuredmedia":[{"embeddable":true,"href":"https:\/\/ambiance.maisoninterbois.com\/ar\/wp-json\/wp\/v2\/media\/2487"}],"wp:attachment":[{"href":"https:\/\/ambiance.maisoninterbois.com\/ar\/wp-json\/wp\/v2\/media?parent=2486"}],"wp:term":[{"taxonomy":"product_brand","embeddable":true,"href":"https:\/\/ambiance.maisoninterbois.com\/ar\/wp-json\/wp\/v2\/product_brand?post=2486"},{"taxonomy":"product_cat","embeddable":true,"href":"https:\/\/ambiance.maisoninterbois.com\/ar\/wp-json\/wp\/v2\/product_cat?post=2486"},{"taxonomy":"product_tag","embeddable":true,"href":"https:\/\/ambiance.maisoninterbois.com\/ar\/wp-json\/wp\/v2\/product_tag?post=2486"}],"curies":[{"name":"wp","href":"https:\/\/api.w.org\/{rel}","templated":true}]}}