{"id":334,"date":"2020-08-06T08:11:25","date_gmt":"2020-08-06T08:11:25","guid":{"rendered":"http:\/\/localhost\/demo\/?page_id=334"},"modified":"2020-08-06T08:11:25","modified_gmt":"2020-08-06T08:11:25","slug":"the-team","status":"publish","type":"page","link":"https:\/\/ambiance.maisoninterbois.com\/ar\/the-team\/","title":{"rendered":"The Team"},"content":{"rendered":"<div class=\"wpb-content-wrapper\"><div class=\"vc_row wpb_row vc_row-fluid vc_custom_1480661989223\"><div class=\"wpb_column vc_column_container vc_col-sm-8 vc_col-lg-offset-2 vc_col-lg-8 vc_col-md-offset-0 vc_col-md-12 vc_col-sm-offset-0\"><div class=\"vc_column-inner\"><div class=\"wpb_wrapper\">\n\t<div class=\"wpb_text_column wpb_content_element\" >\n\t\t<div class=\"wpb_wrapper\">\n\t\t\t<p style=\"color: #23232c; font-size: 22px; font-weight: 500; line-height: 34px;\">Sed ut perspiciatis unde omnis iste natus error sit voluptatem accusantium doloremque laudantium<\/p>\n<p style=\"font-size: 16px;\">Neque porro quisquam est, qui dolorem ipsum quia dolor sit amet, consectetur, adipisci velit, sed quia non numquam eius modi tempora incidunt ut labore et dolore magnam aliquam quaerat voluptatem.<\/p>\n\n\t\t<\/div>\n\t<\/div>\n<\/div><\/div><\/div><\/div><div class=\"vc_row wpb_row vc_row-fluid\"><div class=\"wpb_column vc_column_container vc_col-sm-12\"><div class=\"vc_column-inner\"><div class=\"wpb_wrapper\"><h2 style=\"text-align: center\" class=\"vc_custom_heading text-center\" >Team Members<\/h2><\/div><\/div><\/div><\/div><div class=\"vc_row wpb_row vc_row-fluid vc_custom_1480661755187\"><div class=\"wpb_column vc_column_container vc_col-sm-4\"><div class=\"vc_column-inner\"><div class=\"wpb_wrapper\"><div class=\"sober-team-member\">\n\t\t\t\t<img decoding=\"async\" src=\"https:\/\/ik.imagekit.io\/vn49p9jmnnv7g\/sober\/team-1_OtTyOhCWX.jpg\" alt=\"Andrew Sober\">\n\t\t\t\t<div class=\"member-socials\"><a href=\"#\" target=\"_blank\"><i class=\"fa fa-facebook\"><\/i><\/a><a href=\"#\" target=\"_blank\"><i class=\"fa fa-twitter\"><\/i><\/a><\/div>\n\t\t\t\t<div class=\"member-info\">\n\t\t\t\t\t<h4 class=\"member-name\">Andrew Sober<\/h4>\n\t\t\t\t\t<span class=\"member-job\">Co-founder<\/span>\n\t\t\t\t<\/div>\n\t\t\t<\/div><\/div><\/div><\/div><div class=\"wpb_column vc_column_container vc_col-sm-4\"><div class=\"vc_column-inner\"><div class=\"wpb_wrapper\"><div class=\"sober-team-member\">\n\t\t\t\t<img decoding=\"async\" src=\"https:\/\/ik.imagekit.io\/vn49p9jmnnv7g\/sober\/team-2_1JJIgfiHW6.jpg\" alt=\"Jerry Thomas\">\n\t\t\t\t<div class=\"member-socials\"><a href=\"#\" target=\"_blank\"><i class=\"fa fa-facebook\"><\/i><\/a><a href=\"#\" target=\"_blank\"><i class=\"fa fa-twitter\"><\/i><\/a><a href=\"#\" target=\"_blank\"><i class=\"fa fa-pinterest-p\"><\/i><\/a><\/div>\n\t\t\t\t<div class=\"member-info\">\n\t\t\t\t\t<h4 class=\"member-name\">Jerry Thomas<\/h4>\n\t\t\t\t\t<span class=\"member-job\">Marketer<\/span>\n\t\t\t\t<\/div>\n\t\t\t<\/div><\/div><\/div><\/div><div class=\"wpb_column vc_column_container vc_col-sm-4\"><div class=\"vc_column-inner\"><div class=\"wpb_wrapper\"><div class=\"sober-team-member\">\n\t\t\t\t<img decoding=\"async\" src=\"https:\/\/ik.imagekit.io\/vn49p9jmnnv7g\/sober\/team-3_Zgvm0yUQ_.jpg\" alt=\"Marjorie Barney\">\n\t\t\t\t<div class=\"member-socials\"><a href=\"#\" target=\"_blank\"><i class=\"fa fa-twitter\"><\/i><\/a><a href=\"#\" target=\"_blank\"><i class=\"fa fa-pinterest-p\"><\/i><\/a><a href=\"#\" target=\"_blank\"><i class=\"fa fa-instagram\"><\/i><\/a><\/div>\n\t\t\t\t<div class=\"member-info\">\n\t\t\t\t\t<h4 class=\"member-name\">Marjorie Barney<\/h4>\n\t\t\t\t\t<span class=\"member-job\">Designer<\/span>\n\t\t\t\t<\/div>\n\t\t\t<\/div><\/div><\/div><\/div><\/div><div class=\"vc_row wpb_row vc_row-fluid\"><div class=\"wpb_column vc_column_container vc_col-sm-4\"><div class=\"vc_column-inner\"><div class=\"wpb_wrapper\"><div class=\"sober-team-member\">\n\t\t\t\t<img decoding=\"async\" src=\"https:\/\/ik.imagekit.io\/vn49p9jmnnv7g\/sober\/team-4_Rf4yrz2Ee7.jpg\" alt=\"Richard Duda\">\n\t\t\t\t<div class=\"member-socials\"><a href=\"#\" target=\"_blank\"><i class=\"fa fa-facebook\"><\/i><\/a><a href=\"#\" target=\"_blank\"><i class=\"fa fa-twitter\"><\/i><\/a><a href=\"#\" target=\"_blank\"><i class=\"fa fa-instagram\"><\/i><\/a><\/div>\n\t\t\t\t<div class=\"member-info\">\n\t\t\t\t\t<h4 class=\"member-name\">Richard Duda<\/h4>\n\t\t\t\t\t<span class=\"member-job\">Developer<\/span>\n\t\t\t\t<\/div>\n\t\t\t<\/div><\/div><\/div><\/div><div class=\"wpb_column vc_column_container vc_col-sm-4\"><div class=\"vc_column-inner\"><div class=\"wpb_wrapper\"><div class=\"sober-team-member\">\n\t\t\t\t<img decoding=\"async\" src=\"https:\/\/ik.imagekit.io\/vn49p9jmnnv7g\/sober\/team-5_iXT3M9jIwQ.jpg\" alt=\"Jerry Thomas\">\n\t\t\t\t<div class=\"member-socials\"><a href=\"#\" target=\"_blank\"><i class=\"fa fa-facebook\"><\/i><\/a><a href=\"#\" target=\"_blank\"><i class=\"fa fa-twitter\"><\/i><\/a><a href=\"#\" target=\"_blank\"><i class=\"fa fa-pinterest-p\"><\/i><\/a><\/div>\n\t\t\t\t<div class=\"member-info\">\n\t\t\t\t\t<h4 class=\"member-name\">Jerry Thomas<\/h4>\n\t\t\t\t\t<span class=\"member-job\">Developer<\/span>\n\t\t\t\t<\/div>\n\t\t\t<\/div><\/div><\/div><\/div><div class=\"wpb_column vc_column_container vc_col-sm-4\"><div class=\"vc_column-inner\"><div class=\"wpb_wrapper\"><\/div><\/div><\/div><\/div>\n<\/div>","protected":false},"excerpt":{"rendered":"Sed ut perspiciatis unde omnis iste natus error sit voluptatem accusantium doloremque laudantium Neque porro quisquam est, qui dolorem ipsum quia dolor sit amet, consectetur, adipisci velit, sed quia non&hellip;","protected":false},"author":1,"featured_media":0,"parent":0,"menu_order":0,"comment_status":"closed","ping_status":"closed","template":"","meta":{"footnotes":""},"class_list":["post-334","page","type-page","status-publish","hentry"],"yoast_head":"<!-- This site is optimized with the Yoast SEO Premium plugin v26.3 (Yoast SEO v27.4) - https:\/\/yoast.com\/product\/yoast-seo-premium-wordpress\/ -->\n<title>The Team | INTERBOIS AMBIANCE<\/title>\n<meta name=\"robots\" content=\"index, follow, max-snippet:-1, max-image-preview:large, max-video-preview:-1\" \/>\n<link rel=\"canonical\" href=\"https:\/\/ambiance.maisoninterbois.com\/ar\/the-team\/\" \/>\n<meta property=\"og:locale\" content=\"ar_AR\" \/>\n<meta property=\"og:type\" content=\"article\" \/>\n<meta property=\"og:title\" content=\"The Team\" \/>\n<meta property=\"og:url\" content=\"https:\/\/ambiance.maisoninterbois.com\/ar\/the-team\/\" \/>\n<meta property=\"og:site_name\" content=\"INTERBOIS AMBIANCE\" \/>\n<meta property=\"article:publisher\" content=\"https:\/\/www.facebook.com\/InterboisAmbiance\" \/>\n<meta property=\"og:image\" content=\"https:\/\/ambiance.maisoninterbois.com\/wp-content\/uploads\/2024\/05\/Logo-interbois-Fond-clair.png\" \/>\n\t<meta property=\"og:image:width\" content=\"2560\" \/>\n\t<meta property=\"og:image:height\" content=\"1440\" \/>\n\t<meta property=\"og:image:type\" content=\"image\/png\" \/>\n<meta name=\"twitter:card\" content=\"summary_large_image\" \/>\n<meta name=\"twitter:label1\" content=\"\u0648\u0642\u062a \u0627\u0644\u0642\u0631\u0627\u0621\u0629 \u0627\u0644\u0645\u064f\u0642\u062f\u0651\u0631\" \/>\n\t<meta name=\"twitter:data1\" content=\"\u062f\u0642\u064a\u0642\u0629 \u0648\u0627\u062d\u062f\u0629\" \/>\n<script type=\"application\/ld+json\" class=\"yoast-schema-graph\">{\"@context\":\"https:\\\/\\\/schema.org\",\"@graph\":[{\"@type\":\"WebPage\",\"@id\":\"https:\\\/\\\/ambiance.maisoninterbois.com\\\/the-team\\\/\",\"url\":\"https:\\\/\\\/ambiance.maisoninterbois.com\\\/the-team\\\/\",\"name\":\"The Team | INTERBOIS AMBIANCE\",\"isPartOf\":{\"@id\":\"https:\\\/\\\/ambiance.maisoninterbois.com\\\/#website\"},\"datePublished\":\"2020-08-06T08:11:25+00:00\",\"breadcrumb\":{\"@id\":\"https:\\\/\\\/ambiance.maisoninterbois.com\\\/the-team\\\/#breadcrumb\"},\"inLanguage\":\"ar\",\"potentialAction\":[{\"@type\":\"ReadAction\",\"target\":[\"https:\\\/\\\/ambiance.maisoninterbois.com\\\/the-team\\\/\"]}]},{\"@type\":\"BreadcrumbList\",\"@id\":\"https:\\\/\\\/ambiance.maisoninterbois.com\\\/the-team\\\/#breadcrumb\",\"itemListElement\":[{\"@type\":\"ListItem\",\"position\":1,\"name\":\"Accueil\",\"item\":\"https:\\\/\\\/ambiance.maisoninterbois.com\\\/\"},{\"@type\":\"ListItem\",\"position\":2,\"name\":\"The Team\"}]},{\"@type\":\"WebSite\",\"@id\":\"https:\\\/\\\/ambiance.maisoninterbois.com\\\/#website\",\"url\":\"https:\\\/\\\/ambiance.maisoninterbois.com\\\/\",\"name\":\"INTERBOIS AMBIANCE\",\"description\":\"Qualit\u00e9 et confort pour un style in\u00e9gal\u00e9\",\"publisher\":{\"@id\":\"https:\\\/\\\/ambiance.maisoninterbois.com\\\/#organization\"},\"potentialAction\":[{\"@type\":\"SearchAction\",\"target\":{\"@type\":\"EntryPoint\",\"urlTemplate\":\"https:\\\/\\\/ambiance.maisoninterbois.com\\\/?s={search_term_string}\"},\"query-input\":{\"@type\":\"PropertyValueSpecification\",\"valueRequired\":true,\"valueName\":\"search_term_string\"}}],\"inLanguage\":\"ar\"},{\"@type\":\"Organization\",\"@id\":\"https:\\\/\\\/ambiance.maisoninterbois.com\\\/#organization\",\"name\":\"Ambiance Interbois\",\"url\":\"https:\\\/\\\/ambiance.maisoninterbois.com\\\/\",\"logo\":{\"@type\":\"ImageObject\",\"inLanguage\":\"ar\",\"@id\":\"https:\\\/\\\/ambiance.maisoninterbois.com\\\/#\\\/schema\\\/logo\\\/image\\\/\",\"url\":\"https:\\\/\\\/ambiance.maisoninterbois.com\\\/wp-content\\\/uploads\\\/2024\\\/05\\\/Logo-interbois-Fond-clair.png\",\"contentUrl\":\"https:\\\/\\\/ambiance.maisoninterbois.com\\\/wp-content\\\/uploads\\\/2024\\\/05\\\/Logo-interbois-Fond-clair.png\",\"width\":2560,\"height\":1440,\"caption\":\"Ambiance Interbois\"},\"image\":{\"@id\":\"https:\\\/\\\/ambiance.maisoninterbois.com\\\/#\\\/schema\\\/logo\\\/image\\\/\"},\"sameAs\":[\"https:\\\/\\\/www.facebook.com\\\/InterboisAmbiance\",\"https:\\\/\\\/www.instagram.com\\\/interboisambiance\",\"https:\\\/\\\/www.linkedin.com\\\/company\\\/interbois-ambiance\\\/\"]}]}<\/script>\n<!-- \/ Yoast SEO Premium plugin. -->","yoast_head_json":{"title":"The Team | INTERBOIS AMBIANCE","robots":{"index":"index","follow":"follow","max-snippet":"max-snippet:-1","max-image-preview":"max-image-preview:large","max-video-preview":"max-video-preview:-1"},"canonical":"https:\/\/ambiance.maisoninterbois.com\/ar\/the-team\/","og_locale":"ar_AR","og_type":"article","og_title":"The Team","og_url":"https:\/\/ambiance.maisoninterbois.com\/ar\/the-team\/","og_site_name":"INTERBOIS AMBIANCE","article_publisher":"https:\/\/www.facebook.com\/InterboisAmbiance","og_image":[{"width":2560,"height":1440,"url":"https:\/\/ambiance.maisoninterbois.com\/wp-content\/uploads\/2024\/05\/Logo-interbois-Fond-clair.png","type":"image\/png"}],"twitter_card":"summary_large_image","twitter_misc":{"\u0648\u0642\u062a \u0627\u0644\u0642\u0631\u0627\u0621\u0629 \u0627\u0644\u0645\u064f\u0642\u062f\u0651\u0631":"\u062f\u0642\u064a\u0642\u0629 \u0648\u0627\u062d\u062f\u0629"},"schema":{"@context":"https:\/\/schema.org","@graph":[{"@type":"WebPage","@id":"https:\/\/ambiance.maisoninterbois.com\/the-team\/","url":"https:\/\/ambiance.maisoninterbois.com\/the-team\/","name":"The Team | INTERBOIS AMBIANCE","isPartOf":{"@id":"https:\/\/ambiance.maisoninterbois.com\/#website"},"datePublished":"2020-08-06T08:11:25+00:00","breadcrumb":{"@id":"https:\/\/ambiance.maisoninterbois.com\/the-team\/#breadcrumb"},"inLanguage":"ar","potentialAction":[{"@type":"ReadAction","target":["https:\/\/ambiance.maisoninterbois.com\/the-team\/"]}]},{"@type":"BreadcrumbList","@id":"https:\/\/ambiance.maisoninterbois.com\/the-team\/#breadcrumb","itemListElement":[{"@type":"ListItem","position":1,"name":"Accueil","item":"https:\/\/ambiance.maisoninterbois.com\/"},{"@type":"ListItem","position":2,"name":"The Team"}]},{"@type":"WebSite","@id":"https:\/\/ambiance.maisoninterbois.com\/#website","url":"https:\/\/ambiance.maisoninterbois.com\/","name":"INTERBOIS AMBIANCE","description":"Qualit\u00e9 et confort pour un style in\u00e9gal\u00e9","publisher":{"@id":"https:\/\/ambiance.maisoninterbois.com\/#organization"},"potentialAction":[{"@type":"SearchAction","target":{"@type":"EntryPoint","urlTemplate":"https:\/\/ambiance.maisoninterbois.com\/?s={search_term_string}"},"query-input":{"@type":"PropertyValueSpecification","valueRequired":true,"valueName":"search_term_string"}}],"inLanguage":"ar"},{"@type":"Organization","@id":"https:\/\/ambiance.maisoninterbois.com\/#organization","name":"Ambiance Interbois","url":"https:\/\/ambiance.maisoninterbois.com\/","logo":{"@type":"ImageObject","inLanguage":"ar","@id":"https:\/\/ambiance.maisoninterbois.com\/#\/schema\/logo\/image\/","url":"https:\/\/ambiance.maisoninterbois.com\/wp-content\/uploads\/2024\/05\/Logo-interbois-Fond-clair.png","contentUrl":"https:\/\/ambiance.maisoninterbois.com\/wp-content\/uploads\/2024\/05\/Logo-interbois-Fond-clair.png","width":2560,"height":1440,"caption":"Ambiance Interbois"},"image":{"@id":"https:\/\/ambiance.maisoninterbois.com\/#\/schema\/logo\/image\/"},"sameAs":["https:\/\/www.facebook.com\/InterboisAmbiance","https:\/\/www.instagram.com\/interboisambiance","https:\/\/www.linkedin.com\/company\/interbois-ambiance\/"]}]}},"_links":{"self":[{"href":"https:\/\/ambiance.maisoninterbois.com\/ar\/wp-json\/wp\/v2\/pages\/334","targetHints":{"allow":["GET"]}}],"collection":[{"href":"https:\/\/ambiance.maisoninterbois.com\/ar\/wp-json\/wp\/v2\/pages"}],"about":[{"href":"https:\/\/ambiance.maisoninterbois.com\/ar\/wp-json\/wp\/v2\/types\/page"}],"author":[{"embeddable":true,"href":"https:\/\/ambiance.maisoninterbois.com\/ar\/wp-json\/wp\/v2\/users\/1"}],"replies":[{"embeddable":true,"href":"https:\/\/ambiance.maisoninterbois.com\/ar\/wp-json\/wp\/v2\/comments?post=334"}],"version-history":[{"count":0,"href":"https:\/\/ambiance.maisoninterbois.com\/ar\/wp-json\/wp\/v2\/pages\/334\/revisions"}],"wp:attachment":[{"href":"https:\/\/ambiance.maisoninterbois.com\/ar\/wp-json\/wp\/v2\/media?parent=334"}],"curies":[{"name":"wp","href":"https:\/\/api.w.org\/{rel}","templated":true}]}}